{"id":4,"date":"2014-08-15T02:34:53","date_gmt":"2014-08-15T02:34:53","guid":{"rendered":"https:\/\/pexetothemes.com\/demos\/story_demos\/vintage\/?page_id=4"},"modified":"2025-11-10T17:44:13","modified_gmt":"2025-11-10T17:44:13","slug":"home","status":"publish","type":"page","link":"https:\/\/planet-used.com\/de\/","title":{"rendered":"Home"},"content":{"rendered":"<div class=\"section-full-width section-light2 parallax-fixed\" style=\"background-color:#ffffff;\" id=\"unseremarken\"><div class=\"section-boxed\" style=\"color:#777777;\"><h2 class=\"section-title\" style=\"color:#252525;\">UNSERE MARKEN<\/h2><h4 style=\"color:#252525;\" class=\"sub-title\">Die besten auf dem Markt ...<\/h4><\/p>\n<div class=\"cols-wrapper cols-4\">\n<div class=\"cols-wrapper cols-4\">\n<div class=\"cols-wrapper cols-4\">\n<div class=\"col\">\n<p><a href=\"https:\/\/carryfreedom.com\/de\/shop\/carradice-de\/\"><img loading=\"lazy\" decoding=\"async\" class=\"img-frame alignnone\" src=\"https:\/\/planet-used.com\/german\/wp-content\/uploads\/sites\/6\/2015\/07\/carradice-logo-236-1.jpg\" alt=\"\" width=\"236\" height=\"155\" \/><\/a><\/p>\n<\/div>\n<div class=\"col\">\n<p><a href=\"https:\/\/carryfreedom.com\/de\/\"><img loading=\"lazy\" decoding=\"async\" class=\"img-frame alignnone\" src=\"https:\/\/planet-used.com\/german\/wp-content\/uploads\/sites\/6\/2015\/07\/carryfreedom-logo-236-1.jpg\" alt=\"\" width=\"236\" height=\"155\" \/><\/a><\/p>\n<\/div>\n<div class=\"col\">\n<p><a href=\"https:\/\/planet-used.com\/de\/products\/monark-exercise-2\/\"><img loading=\"lazy\" decoding=\"async\" class=\"img-frame alignnone\" src=\"https:\/\/planet-used.com\/de\/wp-content\/uploads\/sites\/6\/2015\/07\/monark-logo-236-1.jpg\" alt=\"\" width=\"236\" height=\"155\" \/><\/a><\/p>\n<\/div>\n<div class=\"col nomargin\">\n<p><a href=\"https:\/\/carryfreedom.com\/de\/shop\/rok-straps-de\/\"><img loading=\"lazy\" decoding=\"async\" class=\"img-frame alignnone\" src=\"https:\/\/planet-used.com\/de\/wp-content\/uploads\/sites\/6\/2015\/07\/rok-straps-logo-236-1.jpg\" alt=\"\" width=\"236\" height=\"155\" \/><\/a><\/p>\n<\/div>\n<\/div>\n<div class=\"cols-wrapper cols-4\">\n<div class=\"col\">\n<p>&nbsp;<\/p>\n<\/div>\n<div class=\"col\">\n<p>&nbsp;<\/p>\n<\/div>\n<div class=\"col\"><\/div>\n<div class=\"col nomargin\">\n<p><img decoding=\"async\" class=\"img-frame \" src=\"https:\/\/planet-used.com\/german\/wp-content\/uploads\/sites\/6\/2014\/08\/logo-placeholder.jpg\" alt=\"\" \/><\/p>\n<\/div>\n<\/div>\n<\/div>\n<\/div>\n<p>\n<\/div><\/div>\n<div class=\"section-full-width section-dark parallax-fixed\" style=\"background-color:#3F3F3F;\" id=\"unserekunden\"><div style=\"background-image:url(https:\/\/planet-used.com\/german\/wp-content\/uploads\/sites\/6\/2014\/08\/980-sunset.jpg); opacity:0.1; filter: alpha(opacity=10);\" class=\"full-bg-image\" ><\/div><div class=\"section-boxed\" style=\"color:#ffffff;\"><h2 class=\"section-title\" style=\"color:#ffffff;\">UNSERE KUNDEN<\/h2><h4 style=\"color:#ffffff;\" class=\"sub-title\">Zu Hause in vielen verschiedenen Genres ...<\/h4><div class=\"services-wrapper services-icon cols-wrapper cols-4 pexeto-parallax\"><div class=\"services-box col\"><div class=\"img-container\"><img decoding=\"async\" src=\"https:\/\/planet-used.com\/de\/wp-content\/uploads\/sites\/6\/2015\/06\/0004-office-130x130.png\" alt=\"URBANE MOBILIT\u00c4T\"\/><\/div><div class=\"services-content\"><div class=\"sc-wraper\"><h3>URBANE MOBILIT\u00c4T<\/h3><p>Fahrradtransport ist die Zukunft unserer St\u00e4dte. Wir haben die Freiheit, die Sie brauchen.<\/p><\/div><\/div><\/div><div class=\"services-box col\"><div class=\"img-container\"><img decoding=\"async\" src=\"https:\/\/planet-used.com\/german\/wp-content\/uploads\/sites\/6\/2015\/06\/0423-dribbble.png\" alt=\"FREIZEIT\"\/><\/div><div class=\"services-content\"><div class=\"sc-wraper\"><h3>FREIZEIT<\/h3><p>Tragen Sie Ihre Sport- und Campingausr\u00fcstung \u00fcberall hin. Ride hard!<\/p><\/div><\/div><\/div><div class=\"services-box col\"><div class=\"img-container\"><img decoding=\"async\" src=\"https:\/\/planet-used.com\/german\/wp-content\/uploads\/sites\/6\/2015\/06\/0146-wrench.png\" alt=\"INDUSTRIE\"\/><\/div><div class=\"services-content\"><div class=\"sc-wraper\"><h3>INDUSTRIE<\/h3><p>Wir halten Industrie am Laufen mit Transportr\u00e4der, Anh\u00e4nger und Roller.<\/p><\/div><\/div><\/div><div class=\"services-box col nomargin\"><div class=\"img-container\"><img decoding=\"async\" src=\"https:\/\/planet-used.com\/german\/wp-content\/uploads\/sites\/6\/2015\/07\/185104-streamline-umbrella-weather.png\" alt=\"MODE\"\/><\/div><div class=\"services-content\"><div class=\"sc-wraper\"><h3>MODE<\/h3><p>Wasserdichte Mode, h\u00e4lt trocken und sieht super aus.<\/p><\/div><\/div><\/div><div class=\"clear\"><\/div><\/div>\n<\/div><\/div>\n<div class=\"section-full-width section-dark parallax-fixed\" style=\"background-color:#1c1b1a; min-height:500px;\" id=\"carryfreedom\"><div style=\"background-image:url(https:\/\/planet-used.com\/de\/wp-content\/uploads\/sites\/6\/2014\/08\/980-sunset-bright.jpg); opacity:0.3; filter: alpha(opacity=30);\" class=\"full-bg-image\" ><\/div><div class=\"section-boxed\" style=\"color:#ffffff;\"><h2 class=\"section-title\" style=\"color:#ffffff;\">Carry Freedom<\/h2><h4 style=\"color:#ffffff;\" class=\"sub-title\">Die besten Fahrradanh\u00e4nger der Welt<\/h4><\/p>\n<p style=\"text-align: left;\">Jede Reise mit einem Anh\u00e4nger ist eine Reise ohne Auto.<\/p>\n<p style=\"text-align: left;\">Unsere Anh\u00e4nger sind Weltweit erh\u00e4ltlich. Das Y ist ein iconische Lastanh\u00e4nger, tr\u00e4gt alles von Kajaks bis Bierkisten. Der LEAF ist neu und faltbar. Y-Surf f\u00fcr Surfbretter, Paddleboards, aber auch f\u00fcr Leitern und Celli. Die Bamboo Trailer, unsere 3rd World Project, wurde tausende Male heruntergeladen und in abgelegenen Gebieten gebaut. Wir haben dazu viele Optionen. Also, wenn Sie die Freiheit suchen, suchen Sie nicht weiter!<\/p>\n<p>&nbsp;<\/p>\n<p>&nbsp;<\/p>\n<p style=\"text-align: center;\"><a class=\"button\" href=\"https:\/\/planet-used.com\/de\/products\/carry-freedom-trailers\/\">MEHR &#8230;<\/a><\/p>\n<p>\n<\/div><\/div>\n<div class=\"section-full-width section-light2 parallax-fixed\" style=\"background-color:#f7f7f7;\" id=\"used-hq\"><div style=\"background-image:url(https:\/\/planet-used.com\/german\/wp-content\/uploads\/sites\/6\/2014\/08\/used-hq1.jpg); opacity:0.1; filter: alpha(opacity=10);\" class=\"full-bg-image\" ><\/div><div class=\"section-boxed\" style=\"color:#777777;\"><h2 class=\"section-title\" style=\"color:#252525;\">USED-HQ<\/h2><h4 style=\"color:#252525;\" class=\"sub-title\">mehr \u00fcber uns ...<\/h4><\/p>\n<div>\n<p>Das ist unser Zuhause und unser Arbeitsplatz, ein 1.800 Quadratmeter gro\u00dfer Betrieb direkt neben dem Bahnhof in Quakenbr\u00fcck. Wenn wir aus dem Fenster schauen, sehen wir die Z\u00fcge vorr\u00fcberziehen und tr\u00e4umen von einer besseren Welt: Unser Ziel ist umweltfreundliche Mobilit\u00e4t. Deshalb bauen wir in unserem Keller Fahrr\u00e4der.<\/p>\n<p>Unser Headquater in Mitten der Stadt errichtet zu haben bietet einige Vorteile. Die italienische Eisdiele ist nur einen Katzensprung entfernt und au\u00dferdem sind wir, da der Bahnhof direkt nebenan ist, einfach zu erreichen. Die USED-Qualit\u00e4tsprodukte haben ihren Platz in einem ausrangierten Bahnhofsgeb\u00e4ude gefunden. Genau hier bauen wir ScooterBikes, spielen Basketball und beobachten die Touristen &#8211; au\u00dferdem ist es der Ausgangspunkt unseres Bestrebens die Weltherrschaft an uns zu rei\u00dfen.<\/p>\n<p>Mittlerweile erzeugen wir mit einem 32kwH Solarenergiesystem sogar unsere eigene Elektrizit\u00e4t. Die \u00fcbersch\u00fcssige Energie speisen wir zur\u00fcck ins Stromnetzwerk und werden daf\u00fcr auch noch bezahlt. Jeder der an einem solchen Projekt Interesse hat, kann gerne mit uns in Kontakt treten.<\/p>\n<p>Aber wo liegt eigentlich dieses Quakenbr\u00fcck kann ich euch durch die Bildschirme fragen h\u00f6ren&#8230; Quakenbr\u00fcck ist ein verschlafenes St\u00e4dtchen im Nordwesten Deutschlands, irgendwo zwischen Oldenburg und Osnabr\u00fcck.<\/p>\n<\/div>\n<p>&nbsp;<\/p>\n<p style=\"text-align: center;\"><a class=\"button\" href=\"https:\/\/planet-used.com\/who-we-are\/\">DIE MANNSCHAFT<\/a><\/p>\n<p>\n<\/div><\/div>\n<div class=\"quick-gallery\"><div class=\"qg-img qg-no-title\" data-defwidth=\"383\"><a href=\"https:\/\/planet-used.com\/de\/wp-content\/uploads\/sites\/6\/2015\/02\/carry-freedom-yframe-sunset.jpg\" data-rel=\"lightbox[group-41]\" title=\"\" ><img decoding=\"async\" src=\"https:\/\/planet-used.com\/de\/wp-content\/uploads\/sites\/6\/2015\/02\/carry-freedom-yframe-sunset-383x250.jpg\" alt=\"\"\/><div class=\"qg-overlay\"><span class=\"icon-circle\"><span class=\"pg-icon lightbox-icon\"><\/span><\/span><\/div><\/a><\/div><div class=\"qg-img qg-no-title\" data-defwidth=\"383\"><a href=\"https:\/\/planet-used.com\/de\/wp-content\/uploads\/sites\/6\/2015\/06\/kelbrook-2.jpg\" data-rel=\"lightbox[group-41]\" title=\"\" ><img decoding=\"async\" src=\"https:\/\/planet-used.com\/de\/wp-content\/uploads\/sites\/6\/2015\/06\/kelbrook-2-383x250.jpg\" alt=\"\"\/><div class=\"qg-overlay\"><span class=\"icon-circle\"><span class=\"pg-icon lightbox-icon\"><\/span><\/span><\/div><\/a><\/div><div class=\"qg-img\" data-defwidth=\"383\"><a href=\"https:\/\/planet-used.com\/de\/wp-content\/uploads\/sites\/6\/2014\/08\/y-obsommer.jpg\" data-rel=\"lightbox[group-41]\" title=\"\" ><img decoding=\"async\" src=\"https:\/\/planet-used.com\/de\/wp-content\/uploads\/sites\/6\/2014\/08\/y-obsommer-383x250.jpg\" alt=\"\"\/><div class=\"qg-overlay\"><span class=\"icon-circle\"><span class=\"pg-icon lightbox-icon\"><\/span><\/span><span class=\"qg-title\">Olaf Obsommer<\/span><\/div><\/a><\/div><div class=\"clear\"><\/div><\/div>\n","protected":false},"excerpt":{"rendered":"","protected":false},"author":1,"featured_media":0,"parent":0,"menu_order":0,"comment_status":"open","ping_status":"open","template":"template-full-custom.php","meta":{"footnotes":""},"class_list":["post-4","page","type-page","status-publish","hentry"],"yoast_head":"<!-- This site is optimized with the Yoast SEO plugin v26.3 - https:\/\/yoast.com\/wordpress\/plugins\/seo\/ -->\n<title>Home | USED-Deutsch<\/title>\n<meta name=\"robots\" content=\"index, follow, max-snippet:-1, max-image-preview:large, max-video-preview:-1\" \/>\n<link rel=\"canonical\" href=\"https:\/\/planet-used.com\/de\/\" \/>\n<meta property=\"og:locale\" content=\"de_DE\" \/>\n<meta property=\"og:type\" content=\"article\" \/>\n<meta property=\"og:title\" content=\"Home | USED-Deutsch\" \/>\n<meta property=\"og:url\" content=\"https:\/\/planet-used.com\/de\/\" \/>\n<meta property=\"og:site_name\" content=\"USED-Deutsch\" \/>\n<meta property=\"article:modified_time\" content=\"2025-11-10T17:44:13+00:00\" \/>\n<meta property=\"og:image\" content=\"https:\/\/planet-used.com\/de\/wp-content\/uploads\/sites\/6\/2015\/02\/carry-freedom-yframe-sunset-383x250.jpg\" \/>\n<meta name=\"twitter:card\" content=\"summary_large_image\" \/>\n<meta name=\"twitter:label1\" content=\"Gesch\u00e4tzte Lesezeit\" \/>\n\t<meta name=\"twitter:data1\" content=\"3\u00a0Minuten\" \/>\n<script type=\"application\/ld+json\" class=\"yoast-schema-graph\">{\"@context\":\"https:\/\/schema.org\",\"@graph\":[{\"@type\":\"WebPage\",\"@id\":\"https:\/\/planet-used.com\/de\/\",\"url\":\"https:\/\/planet-used.com\/de\/\",\"name\":\"Home | USED-Deutsch\",\"isPartOf\":{\"@id\":\"https:\/\/planet-used.com\/de\/#website\"},\"primaryImageOfPage\":{\"@id\":\"https:\/\/planet-used.com\/de\/#primaryimage\"},\"image\":{\"@id\":\"https:\/\/planet-used.com\/de\/#primaryimage\"},\"thumbnailUrl\":\"https:\/\/planet-used.com\/german\/wp-content\/uploads\/sites\/6\/2015\/07\/carradice-logo-236-1.jpg\",\"datePublished\":\"2014-08-15T02:34:53+00:00\",\"dateModified\":\"2025-11-10T17:44:13+00:00\",\"breadcrumb\":{\"@id\":\"https:\/\/planet-used.com\/de\/#breadcrumb\"},\"inLanguage\":\"de\",\"potentialAction\":[{\"@type\":\"ReadAction\",\"target\":[\"https:\/\/planet-used.com\/de\/\"]}]},{\"@type\":\"ImageObject\",\"inLanguage\":\"de\",\"@id\":\"https:\/\/planet-used.com\/de\/#primaryimage\",\"url\":\"https:\/\/planet-used.com\/german\/wp-content\/uploads\/sites\/6\/2015\/07\/carradice-logo-236-1.jpg\",\"contentUrl\":\"https:\/\/planet-used.com\/german\/wp-content\/uploads\/sites\/6\/2015\/07\/carradice-logo-236-1.jpg\"},{\"@type\":\"BreadcrumbList\",\"@id\":\"https:\/\/planet-used.com\/de\/#breadcrumb\",\"itemListElement\":[{\"@type\":\"ListItem\",\"position\":1,\"name\":\"Home\",\"item\":\"https:\/\/planet-used.com\/de\/\"},{\"@type\":\"ListItem\",\"position\":2,\"name\":\"Home\"}]},{\"@type\":\"WebSite\",\"@id\":\"https:\/\/planet-used.com\/de\/#website\",\"url\":\"https:\/\/planet-used.com\/de\/\",\"name\":\"USED-Deutsch\",\"description\":\"Moving the world!\",\"publisher\":{\"@id\":\"https:\/\/planet-used.com\/de\/#organization\"},\"potentialAction\":[{\"@type\":\"SearchAction\",\"target\":{\"@type\":\"EntryPoint\",\"urlTemplate\":\"https:\/\/planet-used.com\/de\/?s={search_term_string}\"},\"query-input\":{\"@type\":\"PropertyValueSpecification\",\"valueRequired\":true,\"valueName\":\"search_term_string\"}}],\"inLanguage\":\"de\"},{\"@type\":\"Organization\",\"@id\":\"https:\/\/planet-used.com\/de\/#organization\",\"name\":\"USED GmbH\",\"url\":\"https:\/\/planet-used.com\/de\/\",\"logo\":{\"@type\":\"ImageObject\",\"inLanguage\":\"de\",\"@id\":\"https:\/\/planet-used.com\/de\/#\/schema\/logo\/image\/\",\"url\":\"https:\/\/planet-used.com\/de\/wp-content\/uploads\/sites\/6\/2015\/07\/used-1.jpg\",\"contentUrl\":\"https:\/\/planet-used.com\/de\/wp-content\/uploads\/sites\/6\/2015\/07\/used-1.jpg\",\"width\":236,\"height\":155,\"caption\":\"USED GmbH\"},\"image\":{\"@id\":\"https:\/\/planet-used.com\/de\/#\/schema\/logo\/image\/\"}}]}<\/script>\n<!-- \/ Yoast SEO plugin. -->","yoast_head_json":{"title":"Home | USED-Deutsch","robots":{"index":"index","follow":"follow","max-snippet":"max-snippet:-1","max-image-preview":"max-image-preview:large","max-video-preview":"max-video-preview:-1"},"canonical":"https:\/\/planet-used.com\/de\/","og_locale":"de_DE","og_type":"article","og_title":"Home | USED-Deutsch","og_url":"https:\/\/planet-used.com\/de\/","og_site_name":"USED-Deutsch","article_modified_time":"2025-11-10T17:44:13+00:00","og_image":[{"url":"https:\/\/planet-used.com\/de\/wp-content\/uploads\/sites\/6\/2015\/02\/carry-freedom-yframe-sunset-383x250.jpg","type":"","width":"","height":""}],"twitter_card":"summary_large_image","twitter_misc":{"Gesch\u00e4tzte Lesezeit":"3\u00a0Minuten"},"schema":{"@context":"https:\/\/schema.org","@graph":[{"@type":"WebPage","@id":"https:\/\/planet-used.com\/de\/","url":"https:\/\/planet-used.com\/de\/","name":"Home | USED-Deutsch","isPartOf":{"@id":"https:\/\/planet-used.com\/de\/#website"},"primaryImageOfPage":{"@id":"https:\/\/planet-used.com\/de\/#primaryimage"},"image":{"@id":"https:\/\/planet-used.com\/de\/#primaryimage"},"thumbnailUrl":"https:\/\/planet-used.com\/german\/wp-content\/uploads\/sites\/6\/2015\/07\/carradice-logo-236-1.jpg","datePublished":"2014-08-15T02:34:53+00:00","dateModified":"2025-11-10T17:44:13+00:00","breadcrumb":{"@id":"https:\/\/planet-used.com\/de\/#breadcrumb"},"inLanguage":"de","potentialAction":[{"@type":"ReadAction","target":["https:\/\/planet-used.com\/de\/"]}]},{"@type":"ImageObject","inLanguage":"de","@id":"https:\/\/planet-used.com\/de\/#primaryimage","url":"https:\/\/planet-used.com\/german\/wp-content\/uploads\/sites\/6\/2015\/07\/carradice-logo-236-1.jpg","contentUrl":"https:\/\/planet-used.com\/german\/wp-content\/uploads\/sites\/6\/2015\/07\/carradice-logo-236-1.jpg"},{"@type":"BreadcrumbList","@id":"https:\/\/planet-used.com\/de\/#breadcrumb","itemListElement":[{"@type":"ListItem","position":1,"name":"Home","item":"https:\/\/planet-used.com\/de\/"},{"@type":"ListItem","position":2,"name":"Home"}]},{"@type":"WebSite","@id":"https:\/\/planet-used.com\/de\/#website","url":"https:\/\/planet-used.com\/de\/","name":"USED-Deutsch","description":"Moving the world!","publisher":{"@id":"https:\/\/planet-used.com\/de\/#organization"},"potentialAction":[{"@type":"SearchAction","target":{"@type":"EntryPoint","urlTemplate":"https:\/\/planet-used.com\/de\/?s={search_term_string}"},"query-input":{"@type":"PropertyValueSpecification","valueRequired":true,"valueName":"search_term_string"}}],"inLanguage":"de"},{"@type":"Organization","@id":"https:\/\/planet-used.com\/de\/#organization","name":"USED GmbH","url":"https:\/\/planet-used.com\/de\/","logo":{"@type":"ImageObject","inLanguage":"de","@id":"https:\/\/planet-used.com\/de\/#\/schema\/logo\/image\/","url":"https:\/\/planet-used.com\/de\/wp-content\/uploads\/sites\/6\/2015\/07\/used-1.jpg","contentUrl":"https:\/\/planet-used.com\/de\/wp-content\/uploads\/sites\/6\/2015\/07\/used-1.jpg","width":236,"height":155,"caption":"USED GmbH"},"image":{"@id":"https:\/\/planet-used.com\/de\/#\/schema\/logo\/image\/"}}]}},"_links":{"self":[{"href":"https:\/\/planet-used.com\/de\/wp-json\/wp\/v2\/pages\/4","targetHints":{"allow":["GET"]}}],"collection":[{"href":"https:\/\/planet-used.com\/de\/wp-json\/wp\/v2\/pages"}],"about":[{"href":"https:\/\/planet-used.com\/de\/wp-json\/wp\/v2\/types\/page"}],"author":[{"embeddable":true,"href":"https:\/\/planet-used.com\/de\/wp-json\/wp\/v2\/users\/1"}],"replies":[{"embeddable":true,"href":"https:\/\/planet-used.com\/de\/wp-json\/wp\/v2\/comments?post=4"}],"version-history":[{"count":99,"href":"https:\/\/planet-used.com\/de\/wp-json\/wp\/v2\/pages\/4\/revisions"}],"predecessor-version":[{"id":1909,"href":"https:\/\/planet-used.com\/de\/wp-json\/wp\/v2\/pages\/4\/revisions\/1909"}],"wp:attachment":[{"href":"https:\/\/planet-used.com\/de\/wp-json\/wp\/v2\/media?parent=4"}],"curies":[{"name":"wp","href":"https:\/\/api.w.org\/{rel}","templated":true}]}}