{"id":339,"date":"2015-06-21T18:40:08","date_gmt":"2015-06-19T13:14:27","guid":{"rendered":"https:\/\/planet-used.com\/german\/portfolio\/carry-freedom-trailers-2\/"},"modified":"2015-08-17T16:43:43","modified_gmt":"2015-08-17T16:43:43","slug":"rok-straps","status":"publish","type":"page","link":"https:\/\/planet-used.com\/de\/products\/rok-straps\/","title":{"rendered":"Rok Straps"},"content":{"rendered":"<p><strong>Spezielle Stretchgurte zur Gep\u00e4ckbefestigung,<\/strong><br \/>\ndie in der L\u00e4nge anpassbar sind. Speziell entwickelt zur Befestigung und Sicherung kleinerer Gegenst\u00e4nde an Fahrrad-Gep\u00e4cktr\u00e4gern und Packtaschen, ohne wasserfeste Materialien zu besch\u00e4digen. Schnellverschl\u00fcsse erm\u00f6glichen einen schnellen Zugriff auf die Ladung. Ideal auch f\u00fcr Transportr\u00e4der.<\/p>\n<p><strong>Erh\u00e4ltlich in drei Versionen:<\/strong><br \/>\nCommuter Straps &#8211; Breite 12 mm &#8211; L\u00e4nge 300-720 mm &#8211; bis max. 18 kg<br \/>\nPack Straps &#8211; Breite 16 mm &#8211; L\u00e4nge 310-1060 mm &#8211; bis max. 35 kg<br \/>\nMotorcycle Straps &#8211; Breite 25 mm &#8211; L\u00e4nge 500-1500 mm &#8211; bis max. 90 kg<\/p>\n<p><strong>ROKStraps sind Schneller:<br \/>\n<\/strong>Zur Befestigung an Rahmen an und Gep\u00e4cktr\u00e4gern jeder Art.<br \/>\nZuschnallen, festziehen und fertig.<br \/>\nZum Abladen, Spannung l\u00f6sen und losschnallen.<\/p>\n<p><strong><strong>ROKStraps sind <\/strong>St\u00e4rker:<br \/>\n<\/strong>Sichern zuverl\u00e4ssig 18 kg (12 mm Strap), 35 kg (16 mm Strap) bzw. 90 kg (25 mm Strap) bei jedem Wetter.<\/p>\n<p><strong><strong>ROKStraps sind <\/strong>Sicherer:<br \/>\n<\/strong>Keine Stahlhaken und minimales Zur\u00fcckschnellen. Dadurch wird sichergestellt, dass man sich nicht verletzt und weder Ladung noch Fahrrad besch\u00e4digt.<\/p>\n","protected":false},"excerpt":{"rendered":"<p>Spezielle Stretchgurte zur Gep\u00e4ckbefestigung, die in der L\u00e4nge anpassbar sind. Speziell entwickelt zur Befestigung und Sicherung kleinerer Gegenst\u00e4nde an Fahrrad-Gep\u00e4cktr\u00e4gern [&hellip;]<\/p>\n","protected":false},"author":1,"featured_media":0,"parent":9,"menu_order":2,"comment_status":"open","ping_status":"open","template":"template-portfolio-gallery.php","meta":{"footnotes":""},"class_list":["post-339","page","type-page","status-publish","hentry"],"yoast_head":"<!-- This site is optimized with the Yoast SEO plugin v26.3 - https:\/\/yoast.com\/wordpress\/plugins\/seo\/ -->\n<title>Rok Straps | USED-Deutsch<\/title>\n<meta name=\"robots\" content=\"index, follow, max-snippet:-1, max-image-preview:large, max-video-preview:-1\" \/>\n<link rel=\"canonical\" href=\"https:\/\/planet-used.com\/de\/products\/rok-straps\/\" \/>\n<meta property=\"og:locale\" content=\"de_DE\" \/>\n<meta property=\"og:type\" content=\"article\" \/>\n<meta property=\"og:title\" content=\"Rok Straps | USED-Deutsch\" \/>\n<meta property=\"og:description\" content=\"Spezielle Stretchgurte zur Gep\u00e4ckbefestigung, die in der L\u00e4nge anpassbar sind. Speziell entwickelt zur Befestigung und Sicherung kleinerer Gegenst\u00e4nde an Fahrrad-Gep\u00e4cktr\u00e4gern [&hellip;]\" \/>\n<meta property=\"og:url\" content=\"https:\/\/planet-used.com\/de\/products\/rok-straps\/\" \/>\n<meta property=\"og:site_name\" content=\"USED-Deutsch\" \/>\n<meta property=\"article:modified_time\" content=\"2015-08-17T16:43:43+00:00\" \/>\n<meta name=\"twitter:card\" content=\"summary_large_image\" \/>\n<meta name=\"twitter:label1\" content=\"Gesch\u00e4tzte Lesezeit\" \/>\n\t<meta name=\"twitter:data1\" content=\"1\u00a0Minute\" \/>\n<script type=\"application\/ld+json\" class=\"yoast-schema-graph\">{\"@context\":\"https:\/\/schema.org\",\"@graph\":[{\"@type\":\"WebPage\",\"@id\":\"https:\/\/planet-used.com\/de\/products\/rok-straps\/\",\"url\":\"https:\/\/planet-used.com\/de\/products\/rok-straps\/\",\"name\":\"Rok Straps | USED-Deutsch\",\"isPartOf\":{\"@id\":\"https:\/\/planet-used.com\/de\/#website\"},\"datePublished\":\"2015-06-19T13:14:27+00:00\",\"dateModified\":\"2015-08-17T16:43:43+00:00\",\"breadcrumb\":{\"@id\":\"https:\/\/planet-used.com\/de\/products\/rok-straps\/#breadcrumb\"},\"inLanguage\":\"de\",\"potentialAction\":[{\"@type\":\"ReadAction\",\"target\":[\"https:\/\/planet-used.com\/de\/products\/rok-straps\/\"]}]},{\"@type\":\"BreadcrumbList\",\"@id\":\"https:\/\/planet-used.com\/de\/products\/rok-straps\/#breadcrumb\",\"itemListElement\":[{\"@type\":\"ListItem\",\"position\":1,\"name\":\"Home\",\"item\":\"https:\/\/planet-used.com\/de\/\"},{\"@type\":\"ListItem\",\"position\":2,\"name\":\"Marken\",\"item\":\"https:\/\/planet-used.com\/de\/products\/\"},{\"@type\":\"ListItem\",\"position\":3,\"name\":\"Rok Straps\"}]},{\"@type\":\"WebSite\",\"@id\":\"https:\/\/planet-used.com\/de\/#website\",\"url\":\"https:\/\/planet-used.com\/de\/\",\"name\":\"USED-Deutsch\",\"description\":\"Moving the world!\",\"publisher\":{\"@id\":\"https:\/\/planet-used.com\/de\/#organization\"},\"potentialAction\":[{\"@type\":\"SearchAction\",\"target\":{\"@type\":\"EntryPoint\",\"urlTemplate\":\"https:\/\/planet-used.com\/de\/?s={search_term_string}\"},\"query-input\":{\"@type\":\"PropertyValueSpecification\",\"valueRequired\":true,\"valueName\":\"search_term_string\"}}],\"inLanguage\":\"de\"},{\"@type\":\"Organization\",\"@id\":\"https:\/\/planet-used.com\/de\/#organization\",\"name\":\"USED GmbH\",\"url\":\"https:\/\/planet-used.com\/de\/\",\"logo\":{\"@type\":\"ImageObject\",\"inLanguage\":\"de\",\"@id\":\"https:\/\/planet-used.com\/de\/#\/schema\/logo\/image\/\",\"url\":\"https:\/\/planet-used.com\/de\/wp-content\/uploads\/sites\/6\/2015\/07\/used-1.jpg\",\"contentUrl\":\"https:\/\/planet-used.com\/de\/wp-content\/uploads\/sites\/6\/2015\/07\/used-1.jpg\",\"width\":236,\"height\":155,\"caption\":\"USED GmbH\"},\"image\":{\"@id\":\"https:\/\/planet-used.com\/de\/#\/schema\/logo\/image\/\"}}]}<\/script>\n<!-- \/ Yoast SEO plugin. -->","yoast_head_json":{"title":"Rok Straps | USED-Deutsch","robots":{"index":"index","follow":"follow","max-snippet":"max-snippet:-1","max-image-preview":"max-image-preview:large","max-video-preview":"max-video-preview:-1"},"canonical":"https:\/\/planet-used.com\/de\/products\/rok-straps\/","og_locale":"de_DE","og_type":"article","og_title":"Rok Straps | USED-Deutsch","og_description":"Spezielle Stretchgurte zur Gep\u00e4ckbefestigung, die in der L\u00e4nge anpassbar sind. Speziell entwickelt zur Befestigung und Sicherung kleinerer Gegenst\u00e4nde an Fahrrad-Gep\u00e4cktr\u00e4gern [&hellip;]","og_url":"https:\/\/planet-used.com\/de\/products\/rok-straps\/","og_site_name":"USED-Deutsch","article_modified_time":"2015-08-17T16:43:43+00:00","twitter_card":"summary_large_image","twitter_misc":{"Gesch\u00e4tzte Lesezeit":"1\u00a0Minute"},"schema":{"@context":"https:\/\/schema.org","@graph":[{"@type":"WebPage","@id":"https:\/\/planet-used.com\/de\/products\/rok-straps\/","url":"https:\/\/planet-used.com\/de\/products\/rok-straps\/","name":"Rok Straps | USED-Deutsch","isPartOf":{"@id":"https:\/\/planet-used.com\/de\/#website"},"datePublished":"2015-06-19T13:14:27+00:00","dateModified":"2015-08-17T16:43:43+00:00","breadcrumb":{"@id":"https:\/\/planet-used.com\/de\/products\/rok-straps\/#breadcrumb"},"inLanguage":"de","potentialAction":[{"@type":"ReadAction","target":["https:\/\/planet-used.com\/de\/products\/rok-straps\/"]}]},{"@type":"BreadcrumbList","@id":"https:\/\/planet-used.com\/de\/products\/rok-straps\/#breadcrumb","itemListElement":[{"@type":"ListItem","position":1,"name":"Home","item":"https:\/\/planet-used.com\/de\/"},{"@type":"ListItem","position":2,"name":"Marken","item":"https:\/\/planet-used.com\/de\/products\/"},{"@type":"ListItem","position":3,"name":"Rok Straps"}]},{"@type":"WebSite","@id":"https:\/\/planet-used.com\/de\/#website","url":"https:\/\/planet-used.com\/de\/","name":"USED-Deutsch","description":"Moving the world!","publisher":{"@id":"https:\/\/planet-used.com\/de\/#organization"},"potentialAction":[{"@type":"SearchAction","target":{"@type":"EntryPoint","urlTemplate":"https:\/\/planet-used.com\/de\/?s={search_term_string}"},"query-input":{"@type":"PropertyValueSpecification","valueRequired":true,"valueName":"search_term_string"}}],"inLanguage":"de"},{"@type":"Organization","@id":"https:\/\/planet-used.com\/de\/#organization","name":"USED GmbH","url":"https:\/\/planet-used.com\/de\/","logo":{"@type":"ImageObject","inLanguage":"de","@id":"https:\/\/planet-used.com\/de\/#\/schema\/logo\/image\/","url":"https:\/\/planet-used.com\/de\/wp-content\/uploads\/sites\/6\/2015\/07\/used-1.jpg","contentUrl":"https:\/\/planet-used.com\/de\/wp-content\/uploads\/sites\/6\/2015\/07\/used-1.jpg","width":236,"height":155,"caption":"USED GmbH"},"image":{"@id":"https:\/\/planet-used.com\/de\/#\/schema\/logo\/image\/"}}]}},"_links":{"self":[{"href":"https:\/\/planet-used.com\/de\/wp-json\/wp\/v2\/pages\/339","targetHints":{"allow":["GET"]}}],"collection":[{"href":"https:\/\/planet-used.com\/de\/wp-json\/wp\/v2\/pages"}],"about":[{"href":"https:\/\/planet-used.com\/de\/wp-json\/wp\/v2\/types\/page"}],"author":[{"embeddable":true,"href":"https:\/\/planet-used.com\/de\/wp-json\/wp\/v2\/users\/1"}],"replies":[{"embeddable":true,"href":"https:\/\/planet-used.com\/de\/wp-json\/wp\/v2\/comments?post=339"}],"version-history":[{"count":3,"href":"https:\/\/planet-used.com\/de\/wp-json\/wp\/v2\/pages\/339\/revisions"}],"predecessor-version":[{"id":1792,"href":"https:\/\/planet-used.com\/de\/wp-json\/wp\/v2\/pages\/339\/revisions\/1792"}],"up":[{"embeddable":true,"href":"https:\/\/planet-used.com\/de\/wp-json\/wp\/v2\/pages\/9"}],"wp:attachment":[{"href":"https:\/\/planet-used.com\/de\/wp-json\/wp\/v2\/media?parent=339"}],"curies":[{"name":"wp","href":"https:\/\/api.w.org\/{rel}","templated":true}]}}