{"id":324,"date":"2015-06-21T12:02:24","date_gmt":"2015-06-19T09:09:14","guid":{"rendered":"https:\/\/planet-used.com\/german\/portfolio\/carradice-of-nelson-2\/"},"modified":"2015-07-09T11:15:09","modified_gmt":"2015-07-09T11:15:09","slug":"carradice-of-nelsonclassic-line","status":"publish","type":"page","link":"https:\/\/planet-used.com\/de\/products\/carradice-of-nelson\/carradice-of-nelsonclassic-line\/","title":{"rendered":"Classic Line"},"content":{"rendered":"<h3>Classic Line. Handmade Qualit\u00e4t.<\/h3>\n<p>Fahrradtaschen h\u00f6chster Qualit\u00e4t f\u00fcr den anspruchsvollen Radfahrer. F\u00fcr die Carradice Classics wurden bew\u00e4hrte Designs genommen und feinste Materialien verwendet, um zeitlose Taschen zu erschaffen. Dickes, pflanzlich gegerbtes Leder, gusseiserne Befestigungen, military-grade Baumwollgewebe, dichtes Baumwollfutter und Leder Applikationen. Die Besonderheiten der Classic-Line sind: 100% Cotton Duck Material, wasserfestes Innenfutter aus Baumwolle, dickes, pflanzlich gegerbtes Leder, gusseiserne Befestigungen, Gurte aus military-grade Baumwollgewebe.<\/p>\n","protected":false},"excerpt":{"rendered":"<p>Classic Line. Handmade Qualit\u00e4t. Fahrradtaschen h\u00f6chster Qualit\u00e4t f\u00fcr den anspruchsvollen Radfahrer. F\u00fcr die Carradice Classics wurden bew\u00e4hrte Designs genommen und [&hellip;]<\/p>\n","protected":false},"author":1,"featured_media":0,"parent":257,"menu_order":1,"comment_status":"open","ping_status":"open","template":"template-portfolio-gallery.php","meta":{"footnotes":""},"class_list":["post-324","page","type-page","status-publish","hentry"],"yoast_head":"<!-- This site is optimized with the Yoast SEO plugin v26.3 - https:\/\/yoast.com\/wordpress\/plugins\/seo\/ -->\n<title>Classic Line | USED-Deutsch<\/title>\n<meta name=\"robots\" content=\"index, follow, max-snippet:-1, max-image-preview:large, max-video-preview:-1\" \/>\n<link rel=\"canonical\" href=\"https:\/\/planet-used.com\/de\/products\/carradice-of-nelson\/carradice-of-nelsonclassic-line\/\" \/>\n<meta property=\"og:locale\" content=\"de_DE\" \/>\n<meta property=\"og:type\" content=\"article\" \/>\n<meta property=\"og:title\" content=\"Classic Line | USED-Deutsch\" \/>\n<meta property=\"og:description\" content=\"Classic Line. Handmade Qualit\u00e4t. Fahrradtaschen h\u00f6chster Qualit\u00e4t f\u00fcr den anspruchsvollen Radfahrer. F\u00fcr die Carradice Classics wurden bew\u00e4hrte Designs genommen und [&hellip;]\" \/>\n<meta property=\"og:url\" content=\"https:\/\/planet-used.com\/de\/products\/carradice-of-nelson\/carradice-of-nelsonclassic-line\/\" \/>\n<meta property=\"og:site_name\" content=\"USED-Deutsch\" \/>\n<meta property=\"article:modified_time\" content=\"2015-07-09T11:15:09+00:00\" \/>\n<meta name=\"twitter:card\" content=\"summary_large_image\" \/>\n<script type=\"application\/ld+json\" class=\"yoast-schema-graph\">{\"@context\":\"https:\/\/schema.org\",\"@graph\":[{\"@type\":\"WebPage\",\"@id\":\"https:\/\/planet-used.com\/de\/products\/carradice-of-nelson\/carradice-of-nelsonclassic-line\/\",\"url\":\"https:\/\/planet-used.com\/de\/products\/carradice-of-nelson\/carradice-of-nelsonclassic-line\/\",\"name\":\"Classic Line | USED-Deutsch\",\"isPartOf\":{\"@id\":\"https:\/\/planet-used.com\/de\/#website\"},\"datePublished\":\"2015-06-19T09:09:14+00:00\",\"dateModified\":\"2015-07-09T11:15:09+00:00\",\"breadcrumb\":{\"@id\":\"https:\/\/planet-used.com\/de\/products\/carradice-of-nelson\/carradice-of-nelsonclassic-line\/#breadcrumb\"},\"inLanguage\":\"de\",\"potentialAction\":[{\"@type\":\"ReadAction\",\"target\":[\"https:\/\/planet-used.com\/de\/products\/carradice-of-nelson\/carradice-of-nelsonclassic-line\/\"]}]},{\"@type\":\"BreadcrumbList\",\"@id\":\"https:\/\/planet-used.com\/de\/products\/carradice-of-nelson\/carradice-of-nelsonclassic-line\/#breadcrumb\",\"itemListElement\":[{\"@type\":\"ListItem\",\"position\":1,\"name\":\"Home\",\"item\":\"https:\/\/planet-used.com\/de\/\"},{\"@type\":\"ListItem\",\"position\":2,\"name\":\"Marken\",\"item\":\"https:\/\/planet-used.com\/de\/products\/\"},{\"@type\":\"ListItem\",\"position\":3,\"name\":\"Carradice of Nelson\",\"item\":\"https:\/\/planet-used.com\/de\/products\/carradice-of-nelson\/\"},{\"@type\":\"ListItem\",\"position\":4,\"name\":\"Classic Line\"}]},{\"@type\":\"WebSite\",\"@id\":\"https:\/\/planet-used.com\/de\/#website\",\"url\":\"https:\/\/planet-used.com\/de\/\",\"name\":\"USED-Deutsch\",\"description\":\"Moving the world!\",\"publisher\":{\"@id\":\"https:\/\/planet-used.com\/de\/#organization\"},\"potentialAction\":[{\"@type\":\"SearchAction\",\"target\":{\"@type\":\"EntryPoint\",\"urlTemplate\":\"https:\/\/planet-used.com\/de\/?s={search_term_string}\"},\"query-input\":{\"@type\":\"PropertyValueSpecification\",\"valueRequired\":true,\"valueName\":\"search_term_string\"}}],\"inLanguage\":\"de\"},{\"@type\":\"Organization\",\"@id\":\"https:\/\/planet-used.com\/de\/#organization\",\"name\":\"USED GmbH\",\"url\":\"https:\/\/planet-used.com\/de\/\",\"logo\":{\"@type\":\"ImageObject\",\"inLanguage\":\"de\",\"@id\":\"https:\/\/planet-used.com\/de\/#\/schema\/logo\/image\/\",\"url\":\"https:\/\/planet-used.com\/de\/wp-content\/uploads\/sites\/6\/2015\/07\/used-1.jpg\",\"contentUrl\":\"https:\/\/planet-used.com\/de\/wp-content\/uploads\/sites\/6\/2015\/07\/used-1.jpg\",\"width\":236,\"height\":155,\"caption\":\"USED GmbH\"},\"image\":{\"@id\":\"https:\/\/planet-used.com\/de\/#\/schema\/logo\/image\/\"}}]}<\/script>\n<!-- \/ Yoast SEO plugin. -->","yoast_head_json":{"title":"Classic Line | USED-Deutsch","robots":{"index":"index","follow":"follow","max-snippet":"max-snippet:-1","max-image-preview":"max-image-preview:large","max-video-preview":"max-video-preview:-1"},"canonical":"https:\/\/planet-used.com\/de\/products\/carradice-of-nelson\/carradice-of-nelsonclassic-line\/","og_locale":"de_DE","og_type":"article","og_title":"Classic Line | USED-Deutsch","og_description":"Classic Line. Handmade Qualit\u00e4t. Fahrradtaschen h\u00f6chster Qualit\u00e4t f\u00fcr den anspruchsvollen Radfahrer. F\u00fcr die Carradice Classics wurden bew\u00e4hrte Designs genommen und [&hellip;]","og_url":"https:\/\/planet-used.com\/de\/products\/carradice-of-nelson\/carradice-of-nelsonclassic-line\/","og_site_name":"USED-Deutsch","article_modified_time":"2015-07-09T11:15:09+00:00","twitter_card":"summary_large_image","schema":{"@context":"https:\/\/schema.org","@graph":[{"@type":"WebPage","@id":"https:\/\/planet-used.com\/de\/products\/carradice-of-nelson\/carradice-of-nelsonclassic-line\/","url":"https:\/\/planet-used.com\/de\/products\/carradice-of-nelson\/carradice-of-nelsonclassic-line\/","name":"Classic Line | USED-Deutsch","isPartOf":{"@id":"https:\/\/planet-used.com\/de\/#website"},"datePublished":"2015-06-19T09:09:14+00:00","dateModified":"2015-07-09T11:15:09+00:00","breadcrumb":{"@id":"https:\/\/planet-used.com\/de\/products\/carradice-of-nelson\/carradice-of-nelsonclassic-line\/#breadcrumb"},"inLanguage":"de","potentialAction":[{"@type":"ReadAction","target":["https:\/\/planet-used.com\/de\/products\/carradice-of-nelson\/carradice-of-nelsonclassic-line\/"]}]},{"@type":"BreadcrumbList","@id":"https:\/\/planet-used.com\/de\/products\/carradice-of-nelson\/carradice-of-nelsonclassic-line\/#breadcrumb","itemListElement":[{"@type":"ListItem","position":1,"name":"Home","item":"https:\/\/planet-used.com\/de\/"},{"@type":"ListItem","position":2,"name":"Marken","item":"https:\/\/planet-used.com\/de\/products\/"},{"@type":"ListItem","position":3,"name":"Carradice of Nelson","item":"https:\/\/planet-used.com\/de\/products\/carradice-of-nelson\/"},{"@type":"ListItem","position":4,"name":"Classic Line"}]},{"@type":"WebSite","@id":"https:\/\/planet-used.com\/de\/#website","url":"https:\/\/planet-used.com\/de\/","name":"USED-Deutsch","description":"Moving the world!","publisher":{"@id":"https:\/\/planet-used.com\/de\/#organization"},"potentialAction":[{"@type":"SearchAction","target":{"@type":"EntryPoint","urlTemplate":"https:\/\/planet-used.com\/de\/?s={search_term_string}"},"query-input":{"@type":"PropertyValueSpecification","valueRequired":true,"valueName":"search_term_string"}}],"inLanguage":"de"},{"@type":"Organization","@id":"https:\/\/planet-used.com\/de\/#organization","name":"USED GmbH","url":"https:\/\/planet-used.com\/de\/","logo":{"@type":"ImageObject","inLanguage":"de","@id":"https:\/\/planet-used.com\/de\/#\/schema\/logo\/image\/","url":"https:\/\/planet-used.com\/de\/wp-content\/uploads\/sites\/6\/2015\/07\/used-1.jpg","contentUrl":"https:\/\/planet-used.com\/de\/wp-content\/uploads\/sites\/6\/2015\/07\/used-1.jpg","width":236,"height":155,"caption":"USED GmbH"},"image":{"@id":"https:\/\/planet-used.com\/de\/#\/schema\/logo\/image\/"}}]}},"_links":{"self":[{"href":"https:\/\/planet-used.com\/de\/wp-json\/wp\/v2\/pages\/324","targetHints":{"allow":["GET"]}}],"collection":[{"href":"https:\/\/planet-used.com\/de\/wp-json\/wp\/v2\/pages"}],"about":[{"href":"https:\/\/planet-used.com\/de\/wp-json\/wp\/v2\/types\/page"}],"author":[{"embeddable":true,"href":"https:\/\/planet-used.com\/de\/wp-json\/wp\/v2\/users\/1"}],"replies":[{"embeddable":true,"href":"https:\/\/planet-used.com\/de\/wp-json\/wp\/v2\/comments?post=324"}],"version-history":[{"count":1,"href":"https:\/\/planet-used.com\/de\/wp-json\/wp\/v2\/pages\/324\/revisions"}],"predecessor-version":[{"id":325,"href":"https:\/\/planet-used.com\/de\/wp-json\/wp\/v2\/pages\/324\/revisions\/325"}],"up":[{"embeddable":true,"href":"https:\/\/planet-used.com\/de\/wp-json\/wp\/v2\/pages\/257"}],"wp:attachment":[{"href":"https:\/\/planet-used.com\/de\/wp-json\/wp\/v2\/media?parent=324"}],"curies":[{"name":"wp","href":"https:\/\/api.w.org\/{rel}","templated":true}]}}