{"id":264,"date":"2015-06-19T13:14:27","date_gmt":"2015-06-19T13:14:27","guid":{"rendered":"https:\/\/planet-used.com\/german\/?page_id=264"},"modified":"2015-09-03T07:31:34","modified_gmt":"2015-09-03T07:31:34","slug":"carry-freedom-trailers","status":"publish","type":"page","link":"https:\/\/planet-used.com\/de\/products\/carry-freedom-trailers\/","title":{"rendered":"Carry Freedom"},"content":{"rendered":"<h3>Carry Freedom &#8211; Free your bike!<\/h3>\n<p><span class=\"contentText\">Carry Freedom kombiniert Sch\u00f6nheit, Funktion und Qualit\u00e4t. Der schottische Designer und Silberschmied Nick Lobnitz startete Carry Freedom in 2003, sein Zuhause und sein Firmensitz ist eine Farm in Schottland. Alle Carry Freedom Trailer sind leicht, modern und funktionell. Carry Freedom hat eine L\u00f6sung f\u00fcr all deine Transport-Anforderungen. Dein Fahrrad is nicht komplett ohne einen dieser Anh\u00e4nger. <\/span><\/p>\n<p><span class=\"contentText\"><strong>The Y Trailer: <\/strong>Der <strong>Y <\/strong> kann alles tragen und das \u00fcberall. Einfach, leicht und stark, kombiniert er innovatives Design mit einer stabilen Konstruktion und ist damit einer der am vielseitigsten einsetzbaren Fahrradanh\u00e4nger auf dem Markt.<\/span><\/p>\n<p><span class=\"contentText\"><strong>The LEAF (in K\u00fcrze erh\u00e4ltlich) :<\/strong> Der LEAF ist ein Anh\u00e4nger zum Einkaufen, Reisen und das Leben in der Stadt. Er ist ideal for Menschen, die wenig Wohnraum zur Verf\u00fcgung haben. Er l\u00e4sst sich schnell flach falten und so platzsparend aufbewahren, und er ist kompakt im Handbetrieb, sodass er sich an \u00fcberf\u00fcllten Pl\u00e4tzen leicht man\u00f6vrieren l\u00e4sst.<\/span><\/p>\n<p><span class=\"contentText\"><strong>Bamboo Trailer :<\/strong> Der Bamboo Trailer wurde von Carry Freedom f\u00fcr die 3. Welt entwickelt. Dieser einfache aber starke Anh\u00e4nger wird dort vor Ort gefertigt nach Bauanleitungen, die wir zur Verf\u00fcgung stellen. Das Revolution\u00e4re ist, dass jeder diesen Trailer aus praktisch jedem Material (inklusive Bambus) fast ohne Werkzeuge herstellen kann.<\/span><\/p>\n<h3>Go to the Carry Freedom Website at <a href=\"https:\/\/www.carryfreedom.com\" target=\"_blank\">www.carryfreedom.com<\/a><\/h3>\n","protected":false},"excerpt":{"rendered":"<p>Carry Freedom &#8211; Free your bike! Carry Freedom kombiniert Sch\u00f6nheit, Funktion und Qualit\u00e4t. Der schottische Designer und Silberschmied Nick Lobnitz [&hellip;]<\/p>\n","protected":false},"author":1,"featured_media":0,"parent":9,"menu_order":2,"comment_status":"open","ping_status":"open","template":"template-portfolio-gallery.php","meta":{"footnotes":""},"class_list":["post-264","page","type-page","status-publish","hentry"],"yoast_head":"<!-- This site is optimized with the Yoast SEO plugin v26.3 - https:\/\/yoast.com\/wordpress\/plugins\/seo\/ -->\n<title>Carry Freedom | USED-Deutsch<\/title>\n<meta name=\"robots\" content=\"index, follow, max-snippet:-1, max-image-preview:large, max-video-preview:-1\" \/>\n<link rel=\"canonical\" href=\"https:\/\/planet-used.com\/de\/products\/carry-freedom-trailers\/\" \/>\n<meta property=\"og:locale\" content=\"de_DE\" \/>\n<meta property=\"og:type\" content=\"article\" \/>\n<meta property=\"og:title\" content=\"Carry Freedom | USED-Deutsch\" \/>\n<meta property=\"og:description\" content=\"Carry Freedom &#8211; Free your bike! Carry Freedom kombiniert Sch\u00f6nheit, Funktion und Qualit\u00e4t. Der schottische Designer und Silberschmied Nick Lobnitz [&hellip;]\" \/>\n<meta property=\"og:url\" content=\"https:\/\/planet-used.com\/de\/products\/carry-freedom-trailers\/\" \/>\n<meta property=\"og:site_name\" content=\"USED-Deutsch\" \/>\n<meta property=\"article:modified_time\" content=\"2015-09-03T07:31:34+00:00\" \/>\n<meta name=\"twitter:card\" content=\"summary_large_image\" \/>\n<meta name=\"twitter:label1\" content=\"Gesch\u00e4tzte Lesezeit\" \/>\n\t<meta name=\"twitter:data1\" content=\"1\u00a0Minute\" \/>\n<script type=\"application\/ld+json\" class=\"yoast-schema-graph\">{\"@context\":\"https:\/\/schema.org\",\"@graph\":[{\"@type\":\"WebPage\",\"@id\":\"https:\/\/planet-used.com\/de\/products\/carry-freedom-trailers\/\",\"url\":\"https:\/\/planet-used.com\/de\/products\/carry-freedom-trailers\/\",\"name\":\"Carry Freedom | USED-Deutsch\",\"isPartOf\":{\"@id\":\"https:\/\/planet-used.com\/de\/#website\"},\"datePublished\":\"2015-06-19T13:14:27+00:00\",\"dateModified\":\"2015-09-03T07:31:34+00:00\",\"breadcrumb\":{\"@id\":\"https:\/\/planet-used.com\/de\/products\/carry-freedom-trailers\/#breadcrumb\"},\"inLanguage\":\"de\",\"potentialAction\":[{\"@type\":\"ReadAction\",\"target\":[\"https:\/\/planet-used.com\/de\/products\/carry-freedom-trailers\/\"]}]},{\"@type\":\"BreadcrumbList\",\"@id\":\"https:\/\/planet-used.com\/de\/products\/carry-freedom-trailers\/#breadcrumb\",\"itemListElement\":[{\"@type\":\"ListItem\",\"position\":1,\"name\":\"Home\",\"item\":\"https:\/\/planet-used.com\/de\/\"},{\"@type\":\"ListItem\",\"position\":2,\"name\":\"Marken\",\"item\":\"https:\/\/planet-used.com\/de\/products\/\"},{\"@type\":\"ListItem\",\"position\":3,\"name\":\"Carry Freedom\"}]},{\"@type\":\"WebSite\",\"@id\":\"https:\/\/planet-used.com\/de\/#website\",\"url\":\"https:\/\/planet-used.com\/de\/\",\"name\":\"USED-Deutsch\",\"description\":\"Moving the world!\",\"publisher\":{\"@id\":\"https:\/\/planet-used.com\/de\/#organization\"},\"potentialAction\":[{\"@type\":\"SearchAction\",\"target\":{\"@type\":\"EntryPoint\",\"urlTemplate\":\"https:\/\/planet-used.com\/de\/?s={search_term_string}\"},\"query-input\":{\"@type\":\"PropertyValueSpecification\",\"valueRequired\":true,\"valueName\":\"search_term_string\"}}],\"inLanguage\":\"de\"},{\"@type\":\"Organization\",\"@id\":\"https:\/\/planet-used.com\/de\/#organization\",\"name\":\"USED GmbH\",\"url\":\"https:\/\/planet-used.com\/de\/\",\"logo\":{\"@type\":\"ImageObject\",\"inLanguage\":\"de\",\"@id\":\"https:\/\/planet-used.com\/de\/#\/schema\/logo\/image\/\",\"url\":\"https:\/\/planet-used.com\/de\/wp-content\/uploads\/sites\/6\/2015\/07\/used-1.jpg\",\"contentUrl\":\"https:\/\/planet-used.com\/de\/wp-content\/uploads\/sites\/6\/2015\/07\/used-1.jpg\",\"width\":236,\"height\":155,\"caption\":\"USED GmbH\"},\"image\":{\"@id\":\"https:\/\/planet-used.com\/de\/#\/schema\/logo\/image\/\"}}]}<\/script>\n<!-- \/ Yoast SEO plugin. -->","yoast_head_json":{"title":"Carry Freedom | USED-Deutsch","robots":{"index":"index","follow":"follow","max-snippet":"max-snippet:-1","max-image-preview":"max-image-preview:large","max-video-preview":"max-video-preview:-1"},"canonical":"https:\/\/planet-used.com\/de\/products\/carry-freedom-trailers\/","og_locale":"de_DE","og_type":"article","og_title":"Carry Freedom | USED-Deutsch","og_description":"Carry Freedom &#8211; Free your bike! Carry Freedom kombiniert Sch\u00f6nheit, Funktion und Qualit\u00e4t. Der schottische Designer und Silberschmied Nick Lobnitz [&hellip;]","og_url":"https:\/\/planet-used.com\/de\/products\/carry-freedom-trailers\/","og_site_name":"USED-Deutsch","article_modified_time":"2015-09-03T07:31:34+00:00","twitter_card":"summary_large_image","twitter_misc":{"Gesch\u00e4tzte Lesezeit":"1\u00a0Minute"},"schema":{"@context":"https:\/\/schema.org","@graph":[{"@type":"WebPage","@id":"https:\/\/planet-used.com\/de\/products\/carry-freedom-trailers\/","url":"https:\/\/planet-used.com\/de\/products\/carry-freedom-trailers\/","name":"Carry Freedom | USED-Deutsch","isPartOf":{"@id":"https:\/\/planet-used.com\/de\/#website"},"datePublished":"2015-06-19T13:14:27+00:00","dateModified":"2015-09-03T07:31:34+00:00","breadcrumb":{"@id":"https:\/\/planet-used.com\/de\/products\/carry-freedom-trailers\/#breadcrumb"},"inLanguage":"de","potentialAction":[{"@type":"ReadAction","target":["https:\/\/planet-used.com\/de\/products\/carry-freedom-trailers\/"]}]},{"@type":"BreadcrumbList","@id":"https:\/\/planet-used.com\/de\/products\/carry-freedom-trailers\/#breadcrumb","itemListElement":[{"@type":"ListItem","position":1,"name":"Home","item":"https:\/\/planet-used.com\/de\/"},{"@type":"ListItem","position":2,"name":"Marken","item":"https:\/\/planet-used.com\/de\/products\/"},{"@type":"ListItem","position":3,"name":"Carry Freedom"}]},{"@type":"WebSite","@id":"https:\/\/planet-used.com\/de\/#website","url":"https:\/\/planet-used.com\/de\/","name":"USED-Deutsch","description":"Moving the world!","publisher":{"@id":"https:\/\/planet-used.com\/de\/#organization"},"potentialAction":[{"@type":"SearchAction","target":{"@type":"EntryPoint","urlTemplate":"https:\/\/planet-used.com\/de\/?s={search_term_string}"},"query-input":{"@type":"PropertyValueSpecification","valueRequired":true,"valueName":"search_term_string"}}],"inLanguage":"de"},{"@type":"Organization","@id":"https:\/\/planet-used.com\/de\/#organization","name":"USED GmbH","url":"https:\/\/planet-used.com\/de\/","logo":{"@type":"ImageObject","inLanguage":"de","@id":"https:\/\/planet-used.com\/de\/#\/schema\/logo\/image\/","url":"https:\/\/planet-used.com\/de\/wp-content\/uploads\/sites\/6\/2015\/07\/used-1.jpg","contentUrl":"https:\/\/planet-used.com\/de\/wp-content\/uploads\/sites\/6\/2015\/07\/used-1.jpg","width":236,"height":155,"caption":"USED GmbH"},"image":{"@id":"https:\/\/planet-used.com\/de\/#\/schema\/logo\/image\/"}}]}},"_links":{"self":[{"href":"https:\/\/planet-used.com\/de\/wp-json\/wp\/v2\/pages\/264","targetHints":{"allow":["GET"]}}],"collection":[{"href":"https:\/\/planet-used.com\/de\/wp-json\/wp\/v2\/pages"}],"about":[{"href":"https:\/\/planet-used.com\/de\/wp-json\/wp\/v2\/types\/page"}],"author":[{"embeddable":true,"href":"https:\/\/planet-used.com\/de\/wp-json\/wp\/v2\/users\/1"}],"replies":[{"embeddable":true,"href":"https:\/\/planet-used.com\/de\/wp-json\/wp\/v2\/comments?post=264"}],"version-history":[{"count":15,"href":"https:\/\/planet-used.com\/de\/wp-json\/wp\/v2\/pages\/264\/revisions"}],"predecessor-version":[{"id":1802,"href":"https:\/\/planet-used.com\/de\/wp-json\/wp\/v2\/pages\/264\/revisions\/1802"}],"up":[{"embeddable":true,"href":"https:\/\/planet-used.com\/de\/wp-json\/wp\/v2\/pages\/9"}],"wp:attachment":[{"href":"https:\/\/planet-used.com\/de\/wp-json\/wp\/v2\/media?parent=264"}],"curies":[{"name":"wp","href":"https:\/\/api.w.org\/{rel}","templated":true}]}}