{"id":257,"date":"2015-06-19T09:09:14","date_gmt":"2015-06-19T09:09:14","guid":{"rendered":"https:\/\/planet-used.com\/german\/?page_id=257"},"modified":"2015-07-15T16:13:56","modified_gmt":"2015-07-15T16:13:56","slug":"carradice-of-nelson","status":"publish","type":"page","link":"https:\/\/planet-used.com\/de\/products\/carradice-of-nelson\/","title":{"rendered":"Carradice of Nelson"},"content":{"rendered":"<h3>It&#8217;s just another day for you and me in Carradice!<\/h3>\n<p>Carradice fertigt Satteltaschen in Handarbeit seit den 1930er Jahren in ihrer Fabrik in Nelson, Lancashire, England. Und sie tun es immer noch! Die Taschen werden aus &#8220;Cotton Duck&#8221; gefertigt \u2013 dem original leistungsf\u00e4higen Material mit herausragenden Eigenschaften: 100% wasserfest, selbstabdichtende N\u00e4hte, witterungsbest\u00e4ndig und dabei atmungsaktiv! Eine Tasche f\u00fcr jedes Fahrrad und jeden Einsatzzweck. W\u00e4hle aus einer unserer 3 Cotton Duck Linien:<\/p>\n<p><strong>Classics<\/strong> &#8211; Fahrradtaschen h\u00f6chster Qualit\u00e4t f\u00fcr den anspruchsvollsten Radfahrer. F\u00fcr die Carradice Classics wurden bew\u00e4hrte Desings genommen und feinste Materialien verwendet, um zeitlose Taschen zu erschaffen. Dickes, pflanzlich gegerbtes Leder, gusseiserne Befestigungen, military-grade Baumwollgewebe, dichtes Baumwollfutter und Leder Applikationen.<\/p>\n<p><strong>Originals<\/strong> &#8211; Wenn du traditionelle Taschen bevorzugst, schau dir die Carradice Originals an. Gemacht aus Cotton Duck und Chrom gegerbtem Leder. Die Materialien sind sehr robust und strapazierf\u00e4hig, aber geben den Taschen auch einen Hauch von Luxus.<\/p>\n<p><strong>Super C<\/strong> &#8211; Wenn du ein ernsthafter Fahrer bist und robuste, funktionelle Taschen suchst &#8211; Carradice SuperC Taschen wurden wahrscheinlich in den vergangenen 20 Jahren auf mehr Expeditionen eingesetzt, als jede andere Marke.<\/p>\n","protected":false},"excerpt":{"rendered":"<p>It&#8217;s just another day for you and me in Carradice! Carradice fertigt Satteltaschen in Handarbeit seit den 1930er Jahren in [&hellip;]<\/p>\n","protected":false},"author":1,"featured_media":0,"parent":9,"menu_order":0,"comment_status":"open","ping_status":"open","template":"template-portfolio-gallery.php","meta":{"footnotes":""},"class_list":["post-257","page","type-page","status-publish","hentry"],"yoast_head":"<!-- This site is optimized with the Yoast SEO plugin v26.3 - https:\/\/yoast.com\/wordpress\/plugins\/seo\/ -->\n<title>Carradice of Nelson | USED-Deutsch<\/title>\n<meta name=\"robots\" content=\"index, follow, max-snippet:-1, max-image-preview:large, max-video-preview:-1\" \/>\n<link rel=\"canonical\" href=\"https:\/\/planet-used.com\/de\/products\/carradice-of-nelson\/\" \/>\n<meta property=\"og:locale\" content=\"de_DE\" \/>\n<meta property=\"og:type\" content=\"article\" \/>\n<meta property=\"og:title\" content=\"Carradice of Nelson | USED-Deutsch\" \/>\n<meta property=\"og:description\" content=\"It&#8217;s just another day for you and me in Carradice! Carradice fertigt Satteltaschen in Handarbeit seit den 1930er Jahren in [&hellip;]\" \/>\n<meta property=\"og:url\" content=\"https:\/\/planet-used.com\/de\/products\/carradice-of-nelson\/\" \/>\n<meta property=\"og:site_name\" content=\"USED-Deutsch\" \/>\n<meta property=\"article:modified_time\" content=\"2015-07-15T16:13:56+00:00\" \/>\n<meta name=\"twitter:card\" content=\"summary_large_image\" \/>\n<meta name=\"twitter:label1\" content=\"Gesch\u00e4tzte Lesezeit\" \/>\n\t<meta name=\"twitter:data1\" content=\"1\u00a0Minute\" \/>\n<script type=\"application\/ld+json\" class=\"yoast-schema-graph\">{\"@context\":\"https:\/\/schema.org\",\"@graph\":[{\"@type\":\"WebPage\",\"@id\":\"https:\/\/planet-used.com\/de\/products\/carradice-of-nelson\/\",\"url\":\"https:\/\/planet-used.com\/de\/products\/carradice-of-nelson\/\",\"name\":\"Carradice of Nelson | USED-Deutsch\",\"isPartOf\":{\"@id\":\"https:\/\/planet-used.com\/de\/#website\"},\"datePublished\":\"2015-06-19T09:09:14+00:00\",\"dateModified\":\"2015-07-15T16:13:56+00:00\",\"breadcrumb\":{\"@id\":\"https:\/\/planet-used.com\/de\/products\/carradice-of-nelson\/#breadcrumb\"},\"inLanguage\":\"de\",\"potentialAction\":[{\"@type\":\"ReadAction\",\"target\":[\"https:\/\/planet-used.com\/de\/products\/carradice-of-nelson\/\"]}]},{\"@type\":\"BreadcrumbList\",\"@id\":\"https:\/\/planet-used.com\/de\/products\/carradice-of-nelson\/#breadcrumb\",\"itemListElement\":[{\"@type\":\"ListItem\",\"position\":1,\"name\":\"Home\",\"item\":\"https:\/\/planet-used.com\/de\/\"},{\"@type\":\"ListItem\",\"position\":2,\"name\":\"Marken\",\"item\":\"https:\/\/planet-used.com\/de\/products\/\"},{\"@type\":\"ListItem\",\"position\":3,\"name\":\"Carradice of Nelson\"}]},{\"@type\":\"WebSite\",\"@id\":\"https:\/\/planet-used.com\/de\/#website\",\"url\":\"https:\/\/planet-used.com\/de\/\",\"name\":\"USED-Deutsch\",\"description\":\"Moving the world!\",\"publisher\":{\"@id\":\"https:\/\/planet-used.com\/de\/#organization\"},\"potentialAction\":[{\"@type\":\"SearchAction\",\"target\":{\"@type\":\"EntryPoint\",\"urlTemplate\":\"https:\/\/planet-used.com\/de\/?s={search_term_string}\"},\"query-input\":{\"@type\":\"PropertyValueSpecification\",\"valueRequired\":true,\"valueName\":\"search_term_string\"}}],\"inLanguage\":\"de\"},{\"@type\":\"Organization\",\"@id\":\"https:\/\/planet-used.com\/de\/#organization\",\"name\":\"USED GmbH\",\"url\":\"https:\/\/planet-used.com\/de\/\",\"logo\":{\"@type\":\"ImageObject\",\"inLanguage\":\"de\",\"@id\":\"https:\/\/planet-used.com\/de\/#\/schema\/logo\/image\/\",\"url\":\"https:\/\/planet-used.com\/de\/wp-content\/uploads\/sites\/6\/2015\/07\/used-1.jpg\",\"contentUrl\":\"https:\/\/planet-used.com\/de\/wp-content\/uploads\/sites\/6\/2015\/07\/used-1.jpg\",\"width\":236,\"height\":155,\"caption\":\"USED GmbH\"},\"image\":{\"@id\":\"https:\/\/planet-used.com\/de\/#\/schema\/logo\/image\/\"}}]}<\/script>\n<!-- \/ Yoast SEO plugin. -->","yoast_head_json":{"title":"Carradice of Nelson | USED-Deutsch","robots":{"index":"index","follow":"follow","max-snippet":"max-snippet:-1","max-image-preview":"max-image-preview:large","max-video-preview":"max-video-preview:-1"},"canonical":"https:\/\/planet-used.com\/de\/products\/carradice-of-nelson\/","og_locale":"de_DE","og_type":"article","og_title":"Carradice of Nelson | USED-Deutsch","og_description":"It&#8217;s just another day for you and me in Carradice! Carradice fertigt Satteltaschen in Handarbeit seit den 1930er Jahren in [&hellip;]","og_url":"https:\/\/planet-used.com\/de\/products\/carradice-of-nelson\/","og_site_name":"USED-Deutsch","article_modified_time":"2015-07-15T16:13:56+00:00","twitter_card":"summary_large_image","twitter_misc":{"Gesch\u00e4tzte Lesezeit":"1\u00a0Minute"},"schema":{"@context":"https:\/\/schema.org","@graph":[{"@type":"WebPage","@id":"https:\/\/planet-used.com\/de\/products\/carradice-of-nelson\/","url":"https:\/\/planet-used.com\/de\/products\/carradice-of-nelson\/","name":"Carradice of Nelson | USED-Deutsch","isPartOf":{"@id":"https:\/\/planet-used.com\/de\/#website"},"datePublished":"2015-06-19T09:09:14+00:00","dateModified":"2015-07-15T16:13:56+00:00","breadcrumb":{"@id":"https:\/\/planet-used.com\/de\/products\/carradice-of-nelson\/#breadcrumb"},"inLanguage":"de","potentialAction":[{"@type":"ReadAction","target":["https:\/\/planet-used.com\/de\/products\/carradice-of-nelson\/"]}]},{"@type":"BreadcrumbList","@id":"https:\/\/planet-used.com\/de\/products\/carradice-of-nelson\/#breadcrumb","itemListElement":[{"@type":"ListItem","position":1,"name":"Home","item":"https:\/\/planet-used.com\/de\/"},{"@type":"ListItem","position":2,"name":"Marken","item":"https:\/\/planet-used.com\/de\/products\/"},{"@type":"ListItem","position":3,"name":"Carradice of Nelson"}]},{"@type":"WebSite","@id":"https:\/\/planet-used.com\/de\/#website","url":"https:\/\/planet-used.com\/de\/","name":"USED-Deutsch","description":"Moving the world!","publisher":{"@id":"https:\/\/planet-used.com\/de\/#organization"},"potentialAction":[{"@type":"SearchAction","target":{"@type":"EntryPoint","urlTemplate":"https:\/\/planet-used.com\/de\/?s={search_term_string}"},"query-input":{"@type":"PropertyValueSpecification","valueRequired":true,"valueName":"search_term_string"}}],"inLanguage":"de"},{"@type":"Organization","@id":"https:\/\/planet-used.com\/de\/#organization","name":"USED GmbH","url":"https:\/\/planet-used.com\/de\/","logo":{"@type":"ImageObject","inLanguage":"de","@id":"https:\/\/planet-used.com\/de\/#\/schema\/logo\/image\/","url":"https:\/\/planet-used.com\/de\/wp-content\/uploads\/sites\/6\/2015\/07\/used-1.jpg","contentUrl":"https:\/\/planet-used.com\/de\/wp-content\/uploads\/sites\/6\/2015\/07\/used-1.jpg","width":236,"height":155,"caption":"USED GmbH"},"image":{"@id":"https:\/\/planet-used.com\/de\/#\/schema\/logo\/image\/"}}]}},"_links":{"self":[{"href":"https:\/\/planet-used.com\/de\/wp-json\/wp\/v2\/pages\/257","targetHints":{"allow":["GET"]}}],"collection":[{"href":"https:\/\/planet-used.com\/de\/wp-json\/wp\/v2\/pages"}],"about":[{"href":"https:\/\/planet-used.com\/de\/wp-json\/wp\/v2\/types\/page"}],"author":[{"embeddable":true,"href":"https:\/\/planet-used.com\/de\/wp-json\/wp\/v2\/users\/1"}],"replies":[{"embeddable":true,"href":"https:\/\/planet-used.com\/de\/wp-json\/wp\/v2\/comments?post=257"}],"version-history":[{"count":5,"href":"https:\/\/planet-used.com\/de\/wp-json\/wp\/v2\/pages\/257\/revisions"}],"predecessor-version":[{"id":1724,"href":"https:\/\/planet-used.com\/de\/wp-json\/wp\/v2\/pages\/257\/revisions\/1724"}],"up":[{"embeddable":true,"href":"https:\/\/planet-used.com\/de\/wp-json\/wp\/v2\/pages\/9"}],"wp:attachment":[{"href":"https:\/\/planet-used.com\/de\/wp-json\/wp\/v2\/media?parent=257"}],"curies":[{"name":"wp","href":"https:\/\/api.w.org\/{rel}","templated":true}]}}