{"id":1797,"date":"2015-09-02T10:17:06","date_gmt":"2015-09-02T10:17:06","guid":{"rendered":"https:\/\/planet-used.com\/de\/?page_id=1797"},"modified":"2015-09-02T10:31:46","modified_gmt":"2015-09-02T10:31:46","slug":"monark-exercise-2","status":"publish","type":"page","link":"https:\/\/planet-used.com\/de\/products\/monark-exercise-2\/","title":{"rendered":"Monark Exercise"},"content":{"rendered":"<p>F\u00e4hrst du schon oder schleppst du noch? <\/p>\n<p>Monark, schwedischer Fahrradhersteller, verf\u00fcgt \u00fcber eine 100-j\u00e4hrige Erfahrung im Fahrradbau. Ihr Wissen, ihre Erfahrung und das Verst\u00e4ndnis f\u00fcr ihre Produkte und deren Qualit\u00e4tsmerkmale sind eine Verpflichtung dieser Tradition. F\u00fcr Generationen waren Monark Fahrr\u00e4der ein Beweis f\u00fcr Pr\u00e4zision, Zuverl\u00e4ssigkeit, Langlebigkeit und Service.<\/p>\n<p>Lastenfahrr\u00e4der<br \/>\nLasten- und Transportfahrr\u00e4der gibt es in vielen verschiedenen Ausf\u00fchrungen je nach Einsatzzweck, von reinen Personenr\u00e4dern bis hin zu Schwerlastr\u00e4dern, mit flexiblen Gep\u00e4ckl\u00f6sungen f\u00fcr den Industriebedarf und auch f\u00fcr spezielle Branchen wie Zeitungsaustr\u00e4ger, Postzusteller oder Pizzalieferanten. Die Handwerker- Mannschaft kann ihre Werkzeuge transportiern oder mit unserem Klassiker &#8220;Long John&#8221; sogar eine Waschmaschine auf dem Zweirad bef\u00f6rdern.<\/p>\n<p>Lastenr\u00e4der gibt es inzwischen auch mit Elektromotor, was sich besonders bei der Postzustellung bew\u00e4hrt hat.<\/p>\n<p>Industrieroller<br \/>\nUnsere Industrieroller eignen sich f\u00fcr den Personenverkehr z.B. in gro\u00dfen Hallen und Krankenh\u00e4usern oder f\u00fcr den Lastentransport in Produktionsst\u00e4tten. Mit einem Roller ist man schneller und wendiger und kann auch Lasten in der Halle bewegen. Hier geht es um Zeitsparen. Wir haben drei Roller f\u00fcr den Innenbereich und einen mit Luftbereifung f\u00fcr innen und au\u00dfen.<\/p>\n<p>Lastenanh\u00e4nger<br \/>\nFahrradanh\u00e4nger sind flei\u00dfige Arbeitstiere, sie passen an jedes Fahrrad und k\u00f6nnen sperrige Objekte transportieren von der Werkzeugkiste bis zum Au\u00dfenbordmotor. <\/p>\n<p>Wir bieten ein Schwerlastmodell (Tragkraft 200 kg) von Monark. Ob f\u00fcr den Handwerker oder den Hausmeister, es gibt viele Einsatzm\u00f6glichkeiten f\u00fcr Lastenanh\u00e4nger.<\/p>\n","protected":false},"excerpt":{"rendered":"<p>F\u00e4hrst du schon oder schleppst du noch? Monark, schwedischer Fahrradhersteller, verf\u00fcgt \u00fcber eine 100-j\u00e4hrige Erfahrung im Fahrradbau. Ihr Wissen, ihre [&hellip;]<\/p>\n","protected":false},"author":1,"featured_media":0,"parent":9,"menu_order":0,"comment_status":"open","ping_status":"open","template":"template-portfolio-gallery.php","meta":{"footnotes":""},"class_list":["post-1797","page","type-page","status-publish","hentry"],"yoast_head":"<!-- This site is optimized with the Yoast SEO plugin v26.3 - https:\/\/yoast.com\/wordpress\/plugins\/seo\/ -->\n<title>Monark Exercise | USED-Deutsch<\/title>\n<meta name=\"robots\" content=\"index, follow, max-snippet:-1, max-image-preview:large, max-video-preview:-1\" \/>\n<link rel=\"canonical\" href=\"https:\/\/planet-used.com\/de\/products\/monark-exercise-2\/\" \/>\n<meta property=\"og:locale\" content=\"de_DE\" \/>\n<meta property=\"og:type\" content=\"article\" \/>\n<meta property=\"og:title\" content=\"Monark Exercise | USED-Deutsch\" \/>\n<meta property=\"og:description\" content=\"F\u00e4hrst du schon oder schleppst du noch? Monark, schwedischer Fahrradhersteller, verf\u00fcgt \u00fcber eine 100-j\u00e4hrige Erfahrung im Fahrradbau. Ihr Wissen, ihre [&hellip;]\" \/>\n<meta property=\"og:url\" content=\"https:\/\/planet-used.com\/de\/products\/monark-exercise-2\/\" \/>\n<meta property=\"og:site_name\" content=\"USED-Deutsch\" \/>\n<meta property=\"article:modified_time\" content=\"2015-09-02T10:31:46+00:00\" \/>\n<meta name=\"twitter:card\" content=\"summary_large_image\" \/>\n<meta name=\"twitter:label1\" content=\"Gesch\u00e4tzte Lesezeit\" \/>\n\t<meta name=\"twitter:data1\" content=\"1\u00a0Minute\" \/>\n<script type=\"application\/ld+json\" class=\"yoast-schema-graph\">{\"@context\":\"https:\/\/schema.org\",\"@graph\":[{\"@type\":\"WebPage\",\"@id\":\"https:\/\/planet-used.com\/de\/products\/monark-exercise-2\/\",\"url\":\"https:\/\/planet-used.com\/de\/products\/monark-exercise-2\/\",\"name\":\"Monark Exercise | USED-Deutsch\",\"isPartOf\":{\"@id\":\"https:\/\/planet-used.com\/de\/#website\"},\"datePublished\":\"2015-09-02T10:17:06+00:00\",\"dateModified\":\"2015-09-02T10:31:46+00:00\",\"breadcrumb\":{\"@id\":\"https:\/\/planet-used.com\/de\/products\/monark-exercise-2\/#breadcrumb\"},\"inLanguage\":\"de\",\"potentialAction\":[{\"@type\":\"ReadAction\",\"target\":[\"https:\/\/planet-used.com\/de\/products\/monark-exercise-2\/\"]}]},{\"@type\":\"BreadcrumbList\",\"@id\":\"https:\/\/planet-used.com\/de\/products\/monark-exercise-2\/#breadcrumb\",\"itemListElement\":[{\"@type\":\"ListItem\",\"position\":1,\"name\":\"Home\",\"item\":\"https:\/\/planet-used.com\/de\/\"},{\"@type\":\"ListItem\",\"position\":2,\"name\":\"Marken\",\"item\":\"https:\/\/planet-used.com\/de\/products\/\"},{\"@type\":\"ListItem\",\"position\":3,\"name\":\"Monark Exercise\"}]},{\"@type\":\"WebSite\",\"@id\":\"https:\/\/planet-used.com\/de\/#website\",\"url\":\"https:\/\/planet-used.com\/de\/\",\"name\":\"USED-Deutsch\",\"description\":\"Moving the world!\",\"publisher\":{\"@id\":\"https:\/\/planet-used.com\/de\/#organization\"},\"potentialAction\":[{\"@type\":\"SearchAction\",\"target\":{\"@type\":\"EntryPoint\",\"urlTemplate\":\"https:\/\/planet-used.com\/de\/?s={search_term_string}\"},\"query-input\":{\"@type\":\"PropertyValueSpecification\",\"valueRequired\":true,\"valueName\":\"search_term_string\"}}],\"inLanguage\":\"de\"},{\"@type\":\"Organization\",\"@id\":\"https:\/\/planet-used.com\/de\/#organization\",\"name\":\"USED GmbH\",\"url\":\"https:\/\/planet-used.com\/de\/\",\"logo\":{\"@type\":\"ImageObject\",\"inLanguage\":\"de\",\"@id\":\"https:\/\/planet-used.com\/de\/#\/schema\/logo\/image\/\",\"url\":\"https:\/\/planet-used.com\/de\/wp-content\/uploads\/sites\/6\/2015\/07\/used-1.jpg\",\"contentUrl\":\"https:\/\/planet-used.com\/de\/wp-content\/uploads\/sites\/6\/2015\/07\/used-1.jpg\",\"width\":236,\"height\":155,\"caption\":\"USED GmbH\"},\"image\":{\"@id\":\"https:\/\/planet-used.com\/de\/#\/schema\/logo\/image\/\"}}]}<\/script>\n<!-- \/ Yoast SEO plugin. -->","yoast_head_json":{"title":"Monark Exercise | USED-Deutsch","robots":{"index":"index","follow":"follow","max-snippet":"max-snippet:-1","max-image-preview":"max-image-preview:large","max-video-preview":"max-video-preview:-1"},"canonical":"https:\/\/planet-used.com\/de\/products\/monark-exercise-2\/","og_locale":"de_DE","og_type":"article","og_title":"Monark Exercise | USED-Deutsch","og_description":"F\u00e4hrst du schon oder schleppst du noch? Monark, schwedischer Fahrradhersteller, verf\u00fcgt \u00fcber eine 100-j\u00e4hrige Erfahrung im Fahrradbau. Ihr Wissen, ihre [&hellip;]","og_url":"https:\/\/planet-used.com\/de\/products\/monark-exercise-2\/","og_site_name":"USED-Deutsch","article_modified_time":"2015-09-02T10:31:46+00:00","twitter_card":"summary_large_image","twitter_misc":{"Gesch\u00e4tzte Lesezeit":"1\u00a0Minute"},"schema":{"@context":"https:\/\/schema.org","@graph":[{"@type":"WebPage","@id":"https:\/\/planet-used.com\/de\/products\/monark-exercise-2\/","url":"https:\/\/planet-used.com\/de\/products\/monark-exercise-2\/","name":"Monark Exercise | USED-Deutsch","isPartOf":{"@id":"https:\/\/planet-used.com\/de\/#website"},"datePublished":"2015-09-02T10:17:06+00:00","dateModified":"2015-09-02T10:31:46+00:00","breadcrumb":{"@id":"https:\/\/planet-used.com\/de\/products\/monark-exercise-2\/#breadcrumb"},"inLanguage":"de","potentialAction":[{"@type":"ReadAction","target":["https:\/\/planet-used.com\/de\/products\/monark-exercise-2\/"]}]},{"@type":"BreadcrumbList","@id":"https:\/\/planet-used.com\/de\/products\/monark-exercise-2\/#breadcrumb","itemListElement":[{"@type":"ListItem","position":1,"name":"Home","item":"https:\/\/planet-used.com\/de\/"},{"@type":"ListItem","position":2,"name":"Marken","item":"https:\/\/planet-used.com\/de\/products\/"},{"@type":"ListItem","position":3,"name":"Monark Exercise"}]},{"@type":"WebSite","@id":"https:\/\/planet-used.com\/de\/#website","url":"https:\/\/planet-used.com\/de\/","name":"USED-Deutsch","description":"Moving the world!","publisher":{"@id":"https:\/\/planet-used.com\/de\/#organization"},"potentialAction":[{"@type":"SearchAction","target":{"@type":"EntryPoint","urlTemplate":"https:\/\/planet-used.com\/de\/?s={search_term_string}"},"query-input":{"@type":"PropertyValueSpecification","valueRequired":true,"valueName":"search_term_string"}}],"inLanguage":"de"},{"@type":"Organization","@id":"https:\/\/planet-used.com\/de\/#organization","name":"USED GmbH","url":"https:\/\/planet-used.com\/de\/","logo":{"@type":"ImageObject","inLanguage":"de","@id":"https:\/\/planet-used.com\/de\/#\/schema\/logo\/image\/","url":"https:\/\/planet-used.com\/de\/wp-content\/uploads\/sites\/6\/2015\/07\/used-1.jpg","contentUrl":"https:\/\/planet-used.com\/de\/wp-content\/uploads\/sites\/6\/2015\/07\/used-1.jpg","width":236,"height":155,"caption":"USED GmbH"},"image":{"@id":"https:\/\/planet-used.com\/de\/#\/schema\/logo\/image\/"}}]}},"_links":{"self":[{"href":"https:\/\/planet-used.com\/de\/wp-json\/wp\/v2\/pages\/1797","targetHints":{"allow":["GET"]}}],"collection":[{"href":"https:\/\/planet-used.com\/de\/wp-json\/wp\/v2\/pages"}],"about":[{"href":"https:\/\/planet-used.com\/de\/wp-json\/wp\/v2\/types\/page"}],"author":[{"embeddable":true,"href":"https:\/\/planet-used.com\/de\/wp-json\/wp\/v2\/users\/1"}],"replies":[{"embeddable":true,"href":"https:\/\/planet-used.com\/de\/wp-json\/wp\/v2\/comments?post=1797"}],"version-history":[{"count":2,"href":"https:\/\/planet-used.com\/de\/wp-json\/wp\/v2\/pages\/1797\/revisions"}],"predecessor-version":[{"id":1800,"href":"https:\/\/planet-used.com\/de\/wp-json\/wp\/v2\/pages\/1797\/revisions\/1800"}],"up":[{"embeddable":true,"href":"https:\/\/planet-used.com\/de\/wp-json\/wp\/v2\/pages\/9"}],"wp:attachment":[{"href":"https:\/\/planet-used.com\/de\/wp-json\/wp\/v2\/media?parent=1797"}],"curies":[{"name":"wp","href":"https:\/\/api.w.org\/{rel}","templated":true}]}}