{"id":1774,"date":"2015-07-24T17:48:59","date_gmt":"2015-07-24T17:48:59","guid":{"rendered":"https:\/\/planet-used.com\/de\/?page_id=1774"},"modified":"2015-08-12T17:25:35","modified_gmt":"2015-08-12T17:25:35","slug":"industrie","status":"publish","type":"page","link":"https:\/\/planet-used.com\/de\/industrie\/","title":{"rendered":"Industrie"},"content":{"rendered":"<p>Einsparen und Optimieren mit USED Transportl\u00f6sungen: Erleichterung des Arbeitsalltags &#8211; effizienter Personaleinsatz &#8211; geringe Anschaffungs- und Unterhaltungskosten &#8211; wartungsfreie und umweltschonende Transportl\u00f6sungen. Diese Produkte leisten ein erheblichen Beitrag zur Effizienzsteigerung und Kosteneinsparung in den Unternehmen.<\/p>\n<p>Lasten- und Transportfahrr\u00e4der gibt es in vielen verschiedenen Ausf\u00fchrungen je nach Einsatzzweck, von reinen Personenr\u00e4dern bis hin zu Schwerlastr\u00e4dern, mit flexiblen Gep\u00e4ckl\u00f6sungen f\u00fcr den Industriebedarf und auch f\u00fcr spezielle Branchen wie Zeitungsaustr\u00e4ger, Postzusteller oder Pizzalieferanten.<\/p>\n<p>Unsere Industrieroller eignen sich f\u00fcr den Personenverkehr z.B. in gro\u00dfen Hallen und Krankenh\u00e4usern oder f\u00fcr den Lastentransport in Produktionsst\u00e4tten. Mit einem Roller ist man schneller und wendiger und kann auch Lasten in der Halle bewegen. Hier geht es um Zeitsparen. Wir haben drei Roller f\u00fcr den Innenbereich und einen mit Luftbereifung f\u00fcr innen und au\u00dfen.<\/p>\n<p>Fahrradanh\u00e4nger sind flei\u00dfige Arbeitstiere, sie passen an jedes Fahrrad und k\u00f6nnen sperrige Objekte transportieren von der Werkzeugkiste bis zum Au\u00dfenbordmotor.<\/p>\n","protected":false},"excerpt":{"rendered":"<p>Einsparen und Optimieren mit USED Transportl\u00f6sungen: Erleichterung des Arbeitsalltags &#8211; effizienter Personaleinsatz &#8211; geringe Anschaffungs- und Unterhaltungskosten &#8211; wartungsfreie und [&hellip;]<\/p>\n","protected":false},"author":1,"featured_media":0,"parent":0,"menu_order":0,"comment_status":"open","ping_status":"open","template":"template-portfolio-gallery.php","meta":{"footnotes":""},"class_list":["post-1774","page","type-page","status-publish","hentry"],"yoast_head":"<!-- This site is optimized with the Yoast SEO plugin v26.3 - https:\/\/yoast.com\/wordpress\/plugins\/seo\/ -->\n<title>Industrie | USED-Deutsch<\/title>\n<meta name=\"robots\" content=\"index, follow, max-snippet:-1, max-image-preview:large, max-video-preview:-1\" \/>\n<link rel=\"canonical\" href=\"https:\/\/planet-used.com\/de\/industrie\/\" \/>\n<meta property=\"og:locale\" content=\"de_DE\" \/>\n<meta property=\"og:type\" content=\"article\" \/>\n<meta property=\"og:title\" content=\"Industrie | USED-Deutsch\" \/>\n<meta property=\"og:description\" content=\"Einsparen und Optimieren mit USED Transportl\u00f6sungen: Erleichterung des Arbeitsalltags &#8211; effizienter Personaleinsatz &#8211; geringe Anschaffungs- und Unterhaltungskosten &#8211; wartungsfreie und [&hellip;]\" \/>\n<meta property=\"og:url\" content=\"https:\/\/planet-used.com\/de\/industrie\/\" \/>\n<meta property=\"og:site_name\" content=\"USED-Deutsch\" \/>\n<meta property=\"article:modified_time\" content=\"2015-08-12T17:25:35+00:00\" \/>\n<meta name=\"twitter:card\" content=\"summary_large_image\" \/>\n<meta name=\"twitter:label1\" content=\"Gesch\u00e4tzte Lesezeit\" \/>\n\t<meta name=\"twitter:data1\" content=\"1\u00a0Minute\" \/>\n<script type=\"application\/ld+json\" class=\"yoast-schema-graph\">{\"@context\":\"https:\/\/schema.org\",\"@graph\":[{\"@type\":\"WebPage\",\"@id\":\"https:\/\/planet-used.com\/de\/industrie\/\",\"url\":\"https:\/\/planet-used.com\/de\/industrie\/\",\"name\":\"Industrie | USED-Deutsch\",\"isPartOf\":{\"@id\":\"https:\/\/planet-used.com\/de\/#website\"},\"datePublished\":\"2015-07-24T17:48:59+00:00\",\"dateModified\":\"2015-08-12T17:25:35+00:00\",\"breadcrumb\":{\"@id\":\"https:\/\/planet-used.com\/de\/industrie\/#breadcrumb\"},\"inLanguage\":\"de\",\"potentialAction\":[{\"@type\":\"ReadAction\",\"target\":[\"https:\/\/planet-used.com\/de\/industrie\/\"]}]},{\"@type\":\"BreadcrumbList\",\"@id\":\"https:\/\/planet-used.com\/de\/industrie\/#breadcrumb\",\"itemListElement\":[{\"@type\":\"ListItem\",\"position\":1,\"name\":\"Home\",\"item\":\"https:\/\/planet-used.com\/de\/\"},{\"@type\":\"ListItem\",\"position\":2,\"name\":\"Industrie\"}]},{\"@type\":\"WebSite\",\"@id\":\"https:\/\/planet-used.com\/de\/#website\",\"url\":\"https:\/\/planet-used.com\/de\/\",\"name\":\"USED-Deutsch\",\"description\":\"Moving the world!\",\"publisher\":{\"@id\":\"https:\/\/planet-used.com\/de\/#organization\"},\"potentialAction\":[{\"@type\":\"SearchAction\",\"target\":{\"@type\":\"EntryPoint\",\"urlTemplate\":\"https:\/\/planet-used.com\/de\/?s={search_term_string}\"},\"query-input\":{\"@type\":\"PropertyValueSpecification\",\"valueRequired\":true,\"valueName\":\"search_term_string\"}}],\"inLanguage\":\"de\"},{\"@type\":\"Organization\",\"@id\":\"https:\/\/planet-used.com\/de\/#organization\",\"name\":\"USED GmbH\",\"url\":\"https:\/\/planet-used.com\/de\/\",\"logo\":{\"@type\":\"ImageObject\",\"inLanguage\":\"de\",\"@id\":\"https:\/\/planet-used.com\/de\/#\/schema\/logo\/image\/\",\"url\":\"https:\/\/planet-used.com\/de\/wp-content\/uploads\/sites\/6\/2015\/07\/used-1.jpg\",\"contentUrl\":\"https:\/\/planet-used.com\/de\/wp-content\/uploads\/sites\/6\/2015\/07\/used-1.jpg\",\"width\":236,\"height\":155,\"caption\":\"USED GmbH\"},\"image\":{\"@id\":\"https:\/\/planet-used.com\/de\/#\/schema\/logo\/image\/\"}}]}<\/script>\n<!-- \/ Yoast SEO plugin. -->","yoast_head_json":{"title":"Industrie | USED-Deutsch","robots":{"index":"index","follow":"follow","max-snippet":"max-snippet:-1","max-image-preview":"max-image-preview:large","max-video-preview":"max-video-preview:-1"},"canonical":"https:\/\/planet-used.com\/de\/industrie\/","og_locale":"de_DE","og_type":"article","og_title":"Industrie | USED-Deutsch","og_description":"Einsparen und Optimieren mit USED Transportl\u00f6sungen: Erleichterung des Arbeitsalltags &#8211; effizienter Personaleinsatz &#8211; geringe Anschaffungs- und Unterhaltungskosten &#8211; wartungsfreie und [&hellip;]","og_url":"https:\/\/planet-used.com\/de\/industrie\/","og_site_name":"USED-Deutsch","article_modified_time":"2015-08-12T17:25:35+00:00","twitter_card":"summary_large_image","twitter_misc":{"Gesch\u00e4tzte Lesezeit":"1\u00a0Minute"},"schema":{"@context":"https:\/\/schema.org","@graph":[{"@type":"WebPage","@id":"https:\/\/planet-used.com\/de\/industrie\/","url":"https:\/\/planet-used.com\/de\/industrie\/","name":"Industrie | USED-Deutsch","isPartOf":{"@id":"https:\/\/planet-used.com\/de\/#website"},"datePublished":"2015-07-24T17:48:59+00:00","dateModified":"2015-08-12T17:25:35+00:00","breadcrumb":{"@id":"https:\/\/planet-used.com\/de\/industrie\/#breadcrumb"},"inLanguage":"de","potentialAction":[{"@type":"ReadAction","target":["https:\/\/planet-used.com\/de\/industrie\/"]}]},{"@type":"BreadcrumbList","@id":"https:\/\/planet-used.com\/de\/industrie\/#breadcrumb","itemListElement":[{"@type":"ListItem","position":1,"name":"Home","item":"https:\/\/planet-used.com\/de\/"},{"@type":"ListItem","position":2,"name":"Industrie"}]},{"@type":"WebSite","@id":"https:\/\/planet-used.com\/de\/#website","url":"https:\/\/planet-used.com\/de\/","name":"USED-Deutsch","description":"Moving the world!","publisher":{"@id":"https:\/\/planet-used.com\/de\/#organization"},"potentialAction":[{"@type":"SearchAction","target":{"@type":"EntryPoint","urlTemplate":"https:\/\/planet-used.com\/de\/?s={search_term_string}"},"query-input":{"@type":"PropertyValueSpecification","valueRequired":true,"valueName":"search_term_string"}}],"inLanguage":"de"},{"@type":"Organization","@id":"https:\/\/planet-used.com\/de\/#organization","name":"USED GmbH","url":"https:\/\/planet-used.com\/de\/","logo":{"@type":"ImageObject","inLanguage":"de","@id":"https:\/\/planet-used.com\/de\/#\/schema\/logo\/image\/","url":"https:\/\/planet-used.com\/de\/wp-content\/uploads\/sites\/6\/2015\/07\/used-1.jpg","contentUrl":"https:\/\/planet-used.com\/de\/wp-content\/uploads\/sites\/6\/2015\/07\/used-1.jpg","width":236,"height":155,"caption":"USED GmbH"},"image":{"@id":"https:\/\/planet-used.com\/de\/#\/schema\/logo\/image\/"}}]}},"_links":{"self":[{"href":"https:\/\/planet-used.com\/de\/wp-json\/wp\/v2\/pages\/1774","targetHints":{"allow":["GET"]}}],"collection":[{"href":"https:\/\/planet-used.com\/de\/wp-json\/wp\/v2\/pages"}],"about":[{"href":"https:\/\/planet-used.com\/de\/wp-json\/wp\/v2\/types\/page"}],"author":[{"embeddable":true,"href":"https:\/\/planet-used.com\/de\/wp-json\/wp\/v2\/users\/1"}],"replies":[{"embeddable":true,"href":"https:\/\/planet-used.com\/de\/wp-json\/wp\/v2\/comments?post=1774"}],"version-history":[{"count":1,"href":"https:\/\/planet-used.com\/de\/wp-json\/wp\/v2\/pages\/1774\/revisions"}],"predecessor-version":[{"id":1775,"href":"https:\/\/planet-used.com\/de\/wp-json\/wp\/v2\/pages\/1774\/revisions\/1775"}],"wp:attachment":[{"href":"https:\/\/planet-used.com\/de\/wp-json\/wp\/v2\/media?parent=1774"}],"curies":[{"name":"wp","href":"https:\/\/api.w.org\/{rel}","templated":true}]}}