{"id":17,"date":"2014-08-15T02:37:23","date_gmt":"2014-08-15T02:37:23","guid":{"rendered":"https:\/\/pexetothemes.com\/demos\/story_demos\/vintage\/?page_id=17"},"modified":"2015-07-09T09:37:51","modified_gmt":"2015-07-09T09:37:51","slug":"ueber-uns","status":"publish","type":"page","link":"https:\/\/planet-used.com\/de\/ueber-uns\/","title":{"rendered":"\u00dcber Uns"},"content":{"rendered":"<div class=\"section-full-width section-light\" style=\"background-color:#f7f7f7;\" id=\"section-1\"><div class=\"section-boxed\" style=\"color:#777777;\"><div class=\"services-wrapper services-icon cols-wrapper cols-4 pexeto-parallax\"><div class=\"services-title-box col\"><h2>Unser Know-How<\/h2><p>USED wurde im Jahr 2003 gegr\u00fcndet. Daniela und Bob trafen sich w\u00e4hrend der Arbeit f\u00fcr Kynast in Quakenbr\u00fcck, Deutschland. Sie schrieben ein Konzept \u00fcber gr\u00fcnem nachhaltige Konsumierung. Das war der &quot;The Power of USED&quot;.<\/p><a href=\"https:\/\/planet-used.com\/german\/mannschaft\/\" class=\"read-more\">MEHR ...<span class=\"more-arrow\">&rsaquo;<\/span><\/a><\/div><div class=\"services-box col\"><div class=\"img-container\"><img decoding=\"async\" src=\"https:\/\/planet-used.com\/de\/wp-content\/uploads\/sites\/6\/2015\/06\/185096-settings-streamline.png\" alt=\"Hersteller\"\/><\/div><div class=\"services-content\"><div class=\"sc-wraper\"><h3>Hersteller<\/h3><p>USED ist der Hersteller f\u00fcr Carry Freedom Lastenanh\u00e4nger. Wir haben Distributoren in der USA und UK.<\/p><\/div><\/div><\/div><div class=\"services-box col\"><div class=\"img-container\"><img decoding=\"async\" src=\"https:\/\/planet-used.com\/german\/wp-content\/uploads\/sites\/6\/2014\/08\/185039-earth-globe-streamline.png\" alt=\"Distributor\"\/><\/div><div class=\"services-content\"><div class=\"sc-wraper\"><h3>Distributor<\/h3><p>USED vertreibt wunderbare Marken wie Carradice, Georgia in Dublin und Monark Exercise. <\/p><\/div><\/div><\/div><div class=\"services-box col nomargin\"><div class=\"img-container\"><img decoding=\"async\" src=\"https:\/\/planet-used.com\/german\/wp-content\/uploads\/sites\/6\/2015\/06\/185074-notebook-streamline.png\" alt=\"Projekte\"\/><\/div><div class=\"services-content\"><div class=\"sc-wraper\"><h3>Projekte<\/h3><p>USED schont die Umwelt mit Projekte wie das Bamboo Trailer und unsere Pedal Power Musik System.<\/p><\/div><\/div><\/div><div class=\"clear\"><\/div><\/div>\n<\/div><\/div>\n<div class=\"section-full-width section-dark parallax-fixed\" style=\"background-color:#f7f7f7;\" id=\"section-used\"><div style=\"background-image:url(https:\/\/planet-used.com\/german\/wp-content\/uploads\/sites\/6\/2014\/08\/800-used-project.jpg); opacity:0.3; filter: alpha(opacity=30);\" class=\"full-bg-image\" ><\/div><div class=\"section-boxed\" style=\"color:#252525;\"><h2 class=\"section-title\" style=\"color:#252525;\">USED<\/h2><h4 style=\"color:#252525;\" class=\"sub-title\">What is USED?<\/h4><\/p>\n<p style=\"text-align: center;\"><span class=\"contentText\">The only good product is a product being <strong>USED<\/strong>. <\/span>Everything else is a waste of resources, time and of course money. We have to be more responsible for what we buy. We talk too much about price and not enough about needing and using products.<\/p>\n<p style=\"text-align: center;\">That is why we are <strong>USED<\/strong>.<\/p>\n<p>\n<\/div><\/div>\n<div class=\"section-full-width section-dark\" style=\"background-color:#252525;\" id=\"section-2\"><div class=\"section-boxed\" style=\"color:#ffffff;\"><div class=\"portfolio-carousel pc-no-link pc-spacing pc-effect-icon pc-effect-zoom pc-effect-overlay\"><div class=\"pc-header\"><div class=\"carousel-title\"> <h4 class=\"small-title\">Recent Products<\/h4><\/div><\/div><div class=\"pc-wrapper\"><div class=\"pc-holder\"><div class=\"pc-page-wrapper\"><div class=\"pc-item\" data-defwidth=\"396\" data-type=\"smallslider\" data-itemid=\"1829\"><a href=\"https:\/\/planet-used.com\/de\/blog\/portfolio\/carry-freedom-hitch\/\" title=\"Carry Freedom Hitch\"><div class=\"pg-img-wrapper\"><span class=\"icon-circle\"><span class=\"pg-icon smallslider-icon\"><\/span><\/span><img decoding=\"async\" src=\"https:\/\/planet-used.com\/de\/wp-content\/uploads\/sites\/6\/2015\/12\/800-CF-Hitch-586x349.jpg\" alt=\"\"\/><\/div><div class=\"pg-info\"><div class=\"pg-details\"><h2>Carry Freedom Hitch<\/h2><span class=\"pg-categories\">Ersatzteile \/ Carry Freedom<\/span><\/div><\/div><\/a><\/div><div class=\"pc-item\" data-defwidth=\"396\" data-type=\"smallslider\" data-itemid=\"1830\"><a href=\"https:\/\/planet-used.com\/de\/blog\/portfolio\/carry-freedom-hitch-safety-pin\/\" title=\"Carry Freedom Hitch Safety Pin\"><div class=\"pg-img-wrapper\"><span class=\"icon-circle\"><span class=\"pg-icon smallslider-icon\"><\/span><\/span><img decoding=\"async\" src=\"https:\/\/planet-used.com\/de\/wp-content\/uploads\/sites\/6\/2015\/12\/800-CF-hitchpin-586x349.jpg\" alt=\"\"\/><\/div><div class=\"pg-info\"><div class=\"pg-details\"><h2>Carry Freedom Hitch Safety Pin<\/h2><span class=\"pg-categories\">Ersatzteile \/ Carry Freedom<\/span><\/div><\/div><\/a><\/div><\/div><div class=\"pc-page-wrapper\"><div class=\"pc-item\" data-defwidth=\"396\" data-type=\"smallslider\" data-itemid=\"1831\"><a href=\"https:\/\/planet-used.com\/de\/blog\/portfolio\/carry-freedom-hitch-lollypop\/\" title=\"Carry Freedom Hitch Lollypop\"><div class=\"pg-img-wrapper\"><span class=\"icon-circle\"><span class=\"pg-icon smallslider-icon\"><\/span><\/span><img decoding=\"async\" src=\"https:\/\/planet-used.com\/de\/wp-content\/uploads\/sites\/6\/2015\/12\/800-CF-Elastomer1-586x349.jpg\" alt=\"\"\/><\/div><div class=\"pg-info\"><div class=\"pg-details\"><h2>Carry Freedom Hitch Lollypop<\/h2><span class=\"pg-categories\">Ersatzteile \/ Carry Freedom<\/span><\/div><\/div><\/a><\/div><div class=\"pc-item\" data-defwidth=\"396\" data-type=\"smallslider\" data-itemid=\"1832\"><a href=\"https:\/\/planet-used.com\/de\/blog\/portfolio\/carry-freedom-hitch-adapter\/\" title=\"Carry Freedom Hitch Adapter\"><div class=\"pg-img-wrapper\"><span class=\"icon-circle\"><span class=\"pg-icon smallslider-icon\"><\/span><\/span><img decoding=\"async\" src=\"https:\/\/planet-used.com\/de\/wp-content\/uploads\/sites\/6\/2015\/12\/800-CF-Adapter-586x349.jpg\" alt=\"\"\/><\/div><div class=\"pg-info\"><div class=\"pg-details\"><h2>Carry Freedom Hitch Adapter<\/h2><span class=\"pg-categories\">Ersatzteile \/ Carry Freedom<\/span><\/div><\/div><\/a><\/div><\/div><div class=\"pc-page-wrapper\"><div class=\"pc-item\" data-defwidth=\"396\" data-type=\"smallslider\" data-itemid=\"1833\"><a href=\"https:\/\/planet-used.com\/de\/blog\/portfolio\/carry-freedom-y-surf\/\" title=\"Carry Freedom Y Surf\"><div class=\"pg-img-wrapper\"><span class=\"icon-circle\"><span class=\"pg-icon smallslider-icon\"><\/span><\/span><img decoding=\"async\" src=\"https:\/\/planet-used.com\/de\/wp-content\/uploads\/sites\/6\/2015\/12\/800-YSurf-line1-586x349.jpg\" alt=\"\"\/><\/div><div class=\"pg-info\"><div class=\"pg-details\"><h2>Carry Freedom Y Surf<\/h2><span class=\"pg-categories\">Optionen \/ Carry Freedom<\/span><\/div><\/div><\/a><\/div><div class=\"pc-item\" data-defwidth=\"396\" data-type=\"smallslider\" data-itemid=\"1834\"><a href=\"https:\/\/planet-used.com\/de\/blog\/portfolio\/carry-freedom-wide-axle-beam\/\" title=\"Carry Freedom Wide Axle Beam\"><div class=\"pg-img-wrapper\"><span class=\"icon-circle\"><span class=\"pg-icon smallslider-icon\"><\/span><\/span><img decoding=\"async\" src=\"https:\/\/planet-used.com\/de\/wp-content\/uploads\/sites\/6\/2015\/12\/800-CF-WideAxleBeam-1-586x349.jpg\" alt=\"\"\/><\/div><div class=\"pg-info\"><div class=\"pg-details\"><h2>Carry Freedom Wide Axle Beam<\/h2><span class=\"pg-categories\">Optionen \/ Carry Freedom<\/span><\/div><\/div><\/a><\/div><\/div><\/div><\/div><div class=\"clear\"><\/div><div class=\"clear\"><\/div><\/div>\n<\/div><\/div>\n<div class=\"pexeto-recent-posts rp-list\"><h3 class=\"rp-title\">Latest Blog Posts<\/h3><ul><li><span class=\"rp-date\">Dezember 8, 2015<\/span><div class=\"rp-info\"><h3><a href=\"https:\/\/planet-used.com\/de\/blog\/africa-with-cam-and-a-beamer\/\" data-hover=\"Africa with Carry Freedom and a Beamer!\">Africa with Carry Freedom and a Beamer!<\/a><\/h3><\/div><span class=\"rp-cat\"><a href=\"https:\/\/planet-used.com\/de\/blog\/category\/adventurers\/\">Adventurers<\/a><\/span><\/li><li><span class=\"rp-date\">Juli 15, 2015<\/span><div class=\"rp-info\"><h3><a href=\"https:\/\/planet-used.com\/de\/blog\/curvesnturns\/\" data-hover=\"Curves'n'Turns\">Curves'n'Turns<\/a><\/h3><\/div><span class=\"rp-cat\"><a href=\"https:\/\/planet-used.com\/de\/blog\/category\/carry-freedom\/\">Carry Freedom<\/a> \/ <a href=\"https:\/\/planet-used.com\/de\/blog\/category\/adventurers\/\">Adventurers<\/a> \/ <a href=\"https:\/\/planet-used.com\/de\/blog\/category\/travel\/\">Travel<\/a><\/span><\/li><li><span class=\"rp-date\">Mai 29, 2015<\/span><div class=\"rp-info\"><h3><a href=\"https:\/\/planet-used.com\/de\/blog\/attila-y-surf-in-new-zealand\/\" data-hover=\"Y-Surf in New Zealand\">Y-Surf in New Zealand<\/a><\/h3><\/div><span class=\"rp-cat\"><a href=\"https:\/\/planet-used.com\/de\/blog\/category\/carry-freedom\/\">Carry Freedom<\/a> \/ <a href=\"https:\/\/planet-used.com\/de\/blog\/category\/adventurers\/\">Adventurers<\/a><\/span><\/li><li><span class=\"rp-date\">Mai 23, 2015<\/span><div class=\"rp-info\"><h3><a href=\"https:\/\/planet-used.com\/de\/blog\/y-passes-en-test\/\" data-hover=\"Y passes the EN Test\">Y passes the EN Test<\/a><\/h3><\/div><span class=\"rp-cat\"><a href=\"https:\/\/planet-used.com\/de\/blog\/category\/carry-freedom\/\">Carry Freedom<\/a> \/ <a href=\"https:\/\/planet-used.com\/de\/blog\/category\/tech-help\/\">Tech Help<\/a> \/ <a href=\"https:\/\/planet-used.com\/de\/blog\/category\/blowing-our-horn\/\">Blowing our horn<\/a><\/span><\/li><li><span class=\"rp-date\">Mai 22, 2015<\/span><div class=\"rp-info\"><h3><a href=\"https:\/\/planet-used.com\/de\/blog\/bob-in-taiwan-2015\/\" data-hover=\"Bob in Taiwan 2015\">Bob in Taiwan 2015<\/a><\/h3><\/div><span class=\"rp-cat\"><a href=\"https:\/\/planet-used.com\/de\/blog\/category\/carry-freedom\/\">Carry Freedom<\/a> \/ <a href=\"https:\/\/planet-used.com\/de\/blog\/category\/adventurers\/\">Adventurers<\/a> \/ <a href=\"https:\/\/planet-used.com\/de\/blog\/category\/blowing-our-horn\/\">Blowing our horn<\/a><\/span><\/li><\/ul><\/div>\n","protected":false},"excerpt":{"rendered":"","protected":false},"author":1,"featured_media":0,"parent":0,"menu_order":0,"comment_status":"open","ping_status":"open","template":"template-full-custom.php","meta":{"footnotes":""},"class_list":["post-17","page","type-page","status-publish","hentry"],"yoast_head":"<!-- This site is optimized with the Yoast SEO plugin v26.3 - https:\/\/yoast.com\/wordpress\/plugins\/seo\/ -->\n<title>\u00dcber Uns | USED-Deutsch<\/title>\n<meta name=\"robots\" content=\"index, follow, max-snippet:-1, max-image-preview:large, max-video-preview:-1\" \/>\n<link rel=\"canonical\" href=\"https:\/\/planet-used.com\/de\/ueber-uns\/\" \/>\n<meta property=\"og:locale\" content=\"de_DE\" \/>\n<meta property=\"og:type\" content=\"article\" \/>\n<meta property=\"og:title\" content=\"\u00dcber Uns | USED-Deutsch\" \/>\n<meta property=\"og:url\" content=\"https:\/\/planet-used.com\/de\/ueber-uns\/\" \/>\n<meta property=\"og:site_name\" content=\"USED-Deutsch\" \/>\n<meta property=\"article:modified_time\" content=\"2015-07-09T09:37:51+00:00\" \/>\n<meta name=\"twitter:card\" content=\"summary_large_image\" \/>\n<meta name=\"twitter:label1\" content=\"Gesch\u00e4tzte Lesezeit\" \/>\n\t<meta name=\"twitter:data1\" content=\"2\u00a0Minuten\" \/>\n<script type=\"application\/ld+json\" class=\"yoast-schema-graph\">{\"@context\":\"https:\/\/schema.org\",\"@graph\":[{\"@type\":\"WebPage\",\"@id\":\"https:\/\/planet-used.com\/de\/ueber-uns\/\",\"url\":\"https:\/\/planet-used.com\/de\/ueber-uns\/\",\"name\":\"\u00dcber Uns | USED-Deutsch\",\"isPartOf\":{\"@id\":\"https:\/\/planet-used.com\/de\/#website\"},\"datePublished\":\"2014-08-15T02:37:23+00:00\",\"dateModified\":\"2015-07-09T09:37:51+00:00\",\"breadcrumb\":{\"@id\":\"https:\/\/planet-used.com\/de\/ueber-uns\/#breadcrumb\"},\"inLanguage\":\"de\",\"potentialAction\":[{\"@type\":\"ReadAction\",\"target\":[\"https:\/\/planet-used.com\/de\/ueber-uns\/\"]}]},{\"@type\":\"BreadcrumbList\",\"@id\":\"https:\/\/planet-used.com\/de\/ueber-uns\/#breadcrumb\",\"itemListElement\":[{\"@type\":\"ListItem\",\"position\":1,\"name\":\"Home\",\"item\":\"https:\/\/planet-used.com\/de\/\"},{\"@type\":\"ListItem\",\"position\":2,\"name\":\"\u00dcber Uns\"}]},{\"@type\":\"WebSite\",\"@id\":\"https:\/\/planet-used.com\/de\/#website\",\"url\":\"https:\/\/planet-used.com\/de\/\",\"name\":\"USED-Deutsch\",\"description\":\"Moving the world!\",\"publisher\":{\"@id\":\"https:\/\/planet-used.com\/de\/#organization\"},\"potentialAction\":[{\"@type\":\"SearchAction\",\"target\":{\"@type\":\"EntryPoint\",\"urlTemplate\":\"https:\/\/planet-used.com\/de\/?s={search_term_string}\"},\"query-input\":{\"@type\":\"PropertyValueSpecification\",\"valueRequired\":true,\"valueName\":\"search_term_string\"}}],\"inLanguage\":\"de\"},{\"@type\":\"Organization\",\"@id\":\"https:\/\/planet-used.com\/de\/#organization\",\"name\":\"USED GmbH\",\"url\":\"https:\/\/planet-used.com\/de\/\",\"logo\":{\"@type\":\"ImageObject\",\"inLanguage\":\"de\",\"@id\":\"https:\/\/planet-used.com\/de\/#\/schema\/logo\/image\/\",\"url\":\"https:\/\/planet-used.com\/de\/wp-content\/uploads\/sites\/6\/2015\/07\/used-1.jpg\",\"contentUrl\":\"https:\/\/planet-used.com\/de\/wp-content\/uploads\/sites\/6\/2015\/07\/used-1.jpg\",\"width\":236,\"height\":155,\"caption\":\"USED GmbH\"},\"image\":{\"@id\":\"https:\/\/planet-used.com\/de\/#\/schema\/logo\/image\/\"}}]}<\/script>\n<!-- \/ Yoast SEO plugin. -->","yoast_head_json":{"title":"\u00dcber Uns | USED-Deutsch","robots":{"index":"index","follow":"follow","max-snippet":"max-snippet:-1","max-image-preview":"max-image-preview:large","max-video-preview":"max-video-preview:-1"},"canonical":"https:\/\/planet-used.com\/de\/ueber-uns\/","og_locale":"de_DE","og_type":"article","og_title":"\u00dcber Uns | USED-Deutsch","og_url":"https:\/\/planet-used.com\/de\/ueber-uns\/","og_site_name":"USED-Deutsch","article_modified_time":"2015-07-09T09:37:51+00:00","twitter_card":"summary_large_image","twitter_misc":{"Gesch\u00e4tzte Lesezeit":"2\u00a0Minuten"},"schema":{"@context":"https:\/\/schema.org","@graph":[{"@type":"WebPage","@id":"https:\/\/planet-used.com\/de\/ueber-uns\/","url":"https:\/\/planet-used.com\/de\/ueber-uns\/","name":"\u00dcber Uns | USED-Deutsch","isPartOf":{"@id":"https:\/\/planet-used.com\/de\/#website"},"datePublished":"2014-08-15T02:37:23+00:00","dateModified":"2015-07-09T09:37:51+00:00","breadcrumb":{"@id":"https:\/\/planet-used.com\/de\/ueber-uns\/#breadcrumb"},"inLanguage":"de","potentialAction":[{"@type":"ReadAction","target":["https:\/\/planet-used.com\/de\/ueber-uns\/"]}]},{"@type":"BreadcrumbList","@id":"https:\/\/planet-used.com\/de\/ueber-uns\/#breadcrumb","itemListElement":[{"@type":"ListItem","position":1,"name":"Home","item":"https:\/\/planet-used.com\/de\/"},{"@type":"ListItem","position":2,"name":"\u00dcber Uns"}]},{"@type":"WebSite","@id":"https:\/\/planet-used.com\/de\/#website","url":"https:\/\/planet-used.com\/de\/","name":"USED-Deutsch","description":"Moving the world!","publisher":{"@id":"https:\/\/planet-used.com\/de\/#organization"},"potentialAction":[{"@type":"SearchAction","target":{"@type":"EntryPoint","urlTemplate":"https:\/\/planet-used.com\/de\/?s={search_term_string}"},"query-input":{"@type":"PropertyValueSpecification","valueRequired":true,"valueName":"search_term_string"}}],"inLanguage":"de"},{"@type":"Organization","@id":"https:\/\/planet-used.com\/de\/#organization","name":"USED GmbH","url":"https:\/\/planet-used.com\/de\/","logo":{"@type":"ImageObject","inLanguage":"de","@id":"https:\/\/planet-used.com\/de\/#\/schema\/logo\/image\/","url":"https:\/\/planet-used.com\/de\/wp-content\/uploads\/sites\/6\/2015\/07\/used-1.jpg","contentUrl":"https:\/\/planet-used.com\/de\/wp-content\/uploads\/sites\/6\/2015\/07\/used-1.jpg","width":236,"height":155,"caption":"USED GmbH"},"image":{"@id":"https:\/\/planet-used.com\/de\/#\/schema\/logo\/image\/"}}]}},"_links":{"self":[{"href":"https:\/\/planet-used.com\/de\/wp-json\/wp\/v2\/pages\/17","targetHints":{"allow":["GET"]}}],"collection":[{"href":"https:\/\/planet-used.com\/de\/wp-json\/wp\/v2\/pages"}],"about":[{"href":"https:\/\/planet-used.com\/de\/wp-json\/wp\/v2\/types\/page"}],"author":[{"embeddable":true,"href":"https:\/\/planet-used.com\/de\/wp-json\/wp\/v2\/users\/1"}],"replies":[{"embeddable":true,"href":"https:\/\/planet-used.com\/de\/wp-json\/wp\/v2\/comments?post=17"}],"version-history":[{"count":22,"href":"https:\/\/planet-used.com\/de\/wp-json\/wp\/v2\/pages\/17\/revisions"}],"predecessor-version":[{"id":1717,"href":"https:\/\/planet-used.com\/de\/wp-json\/wp\/v2\/pages\/17\/revisions\/1717"}],"wp:attachment":[{"href":"https:\/\/planet-used.com\/de\/wp-json\/wp\/v2\/media?parent=17"}],"curies":[{"name":"wp","href":"https:\/\/api.w.org\/{rel}","templated":true}]}}