{"id":1637,"date":"2015-07-06T14:47:40","date_gmt":"2015-06-19T09:09:14","guid":{"rendered":"https:\/\/planet-used.com\/german\/products\/carradice-of-nelson-2\/"},"modified":"2015-08-17T16:45:09","modified_gmt":"2015-08-17T16:45:09","slug":"used-parts","status":"publish","type":"page","link":"https:\/\/planet-used.com\/de\/products\/used-parts\/","title":{"rendered":"USED Parts"},"content":{"rendered":"<h3>Laut und Sch\u00f6n!<\/h3>\n<p><span class=\"contentText12\">Wir haben ganz viele interessante Fahrradteile f\u00fcr euch. S\u00e4ttelst\u00fctzen, Lichter, Glocken usw. Wir haben diese Teile ausgew\u00e4hlt, weil sie unseren Standards in Qualit\u00e4t, Funktion, Aussehen, und Ausdauer gerecht werden.<\/p>\n<p>Und hier sind die schonen <strong>USED<\/strong> Glocken. Laut sind sie auch!<\/span><\/p>\n","protected":false},"excerpt":{"rendered":"<p>Laut und Sch\u00f6n! Wir haben ganz viele interessante Fahrradteile f\u00fcr euch. S\u00e4ttelst\u00fctzen, Lichter, Glocken usw. Wir haben diese Teile ausgew\u00e4hlt, [&hellip;]<\/p>\n","protected":false},"author":1,"featured_media":0,"parent":9,"menu_order":0,"comment_status":"open","ping_status":"open","template":"template-portfolio-gallery.php","meta":{"footnotes":""},"class_list":["post-1637","page","type-page","status-publish","hentry"],"yoast_head":"<!-- This site is optimized with the Yoast SEO plugin v26.3 - https:\/\/yoast.com\/wordpress\/plugins\/seo\/ -->\n<title>USED Parts | USED-Deutsch<\/title>\n<meta name=\"robots\" content=\"index, follow, max-snippet:-1, max-image-preview:large, max-video-preview:-1\" \/>\n<link rel=\"canonical\" href=\"https:\/\/planet-used.com\/de\/products\/used-parts\/\" \/>\n<meta property=\"og:locale\" content=\"de_DE\" \/>\n<meta property=\"og:type\" content=\"article\" \/>\n<meta property=\"og:title\" content=\"USED Parts | USED-Deutsch\" \/>\n<meta property=\"og:description\" content=\"Laut und Sch\u00f6n! Wir haben ganz viele interessante Fahrradteile f\u00fcr euch. S\u00e4ttelst\u00fctzen, Lichter, Glocken usw. Wir haben diese Teile ausgew\u00e4hlt, [&hellip;]\" \/>\n<meta property=\"og:url\" content=\"https:\/\/planet-used.com\/de\/products\/used-parts\/\" \/>\n<meta property=\"og:site_name\" content=\"USED-Deutsch\" \/>\n<meta property=\"article:modified_time\" content=\"2015-08-17T16:45:09+00:00\" \/>\n<meta name=\"twitter:card\" content=\"summary_large_image\" \/>\n<script type=\"application\/ld+json\" class=\"yoast-schema-graph\">{\"@context\":\"https:\/\/schema.org\",\"@graph\":[{\"@type\":\"WebPage\",\"@id\":\"https:\/\/planet-used.com\/de\/products\/used-parts\/\",\"url\":\"https:\/\/planet-used.com\/de\/products\/used-parts\/\",\"name\":\"USED Parts | USED-Deutsch\",\"isPartOf\":{\"@id\":\"https:\/\/planet-used.com\/de\/#website\"},\"datePublished\":\"2015-06-19T09:09:14+00:00\",\"dateModified\":\"2015-08-17T16:45:09+00:00\",\"breadcrumb\":{\"@id\":\"https:\/\/planet-used.com\/de\/products\/used-parts\/#breadcrumb\"},\"inLanguage\":\"de\",\"potentialAction\":[{\"@type\":\"ReadAction\",\"target\":[\"https:\/\/planet-used.com\/de\/products\/used-parts\/\"]}]},{\"@type\":\"BreadcrumbList\",\"@id\":\"https:\/\/planet-used.com\/de\/products\/used-parts\/#breadcrumb\",\"itemListElement\":[{\"@type\":\"ListItem\",\"position\":1,\"name\":\"Home\",\"item\":\"https:\/\/planet-used.com\/de\/\"},{\"@type\":\"ListItem\",\"position\":2,\"name\":\"Marken\",\"item\":\"https:\/\/planet-used.com\/de\/products\/\"},{\"@type\":\"ListItem\",\"position\":3,\"name\":\"USED Parts\"}]},{\"@type\":\"WebSite\",\"@id\":\"https:\/\/planet-used.com\/de\/#website\",\"url\":\"https:\/\/planet-used.com\/de\/\",\"name\":\"USED-Deutsch\",\"description\":\"Moving the world!\",\"publisher\":{\"@id\":\"https:\/\/planet-used.com\/de\/#organization\"},\"potentialAction\":[{\"@type\":\"SearchAction\",\"target\":{\"@type\":\"EntryPoint\",\"urlTemplate\":\"https:\/\/planet-used.com\/de\/?s={search_term_string}\"},\"query-input\":{\"@type\":\"PropertyValueSpecification\",\"valueRequired\":true,\"valueName\":\"search_term_string\"}}],\"inLanguage\":\"de\"},{\"@type\":\"Organization\",\"@id\":\"https:\/\/planet-used.com\/de\/#organization\",\"name\":\"USED GmbH\",\"url\":\"https:\/\/planet-used.com\/de\/\",\"logo\":{\"@type\":\"ImageObject\",\"inLanguage\":\"de\",\"@id\":\"https:\/\/planet-used.com\/de\/#\/schema\/logo\/image\/\",\"url\":\"https:\/\/planet-used.com\/de\/wp-content\/uploads\/sites\/6\/2015\/07\/used-1.jpg\",\"contentUrl\":\"https:\/\/planet-used.com\/de\/wp-content\/uploads\/sites\/6\/2015\/07\/used-1.jpg\",\"width\":236,\"height\":155,\"caption\":\"USED GmbH\"},\"image\":{\"@id\":\"https:\/\/planet-used.com\/de\/#\/schema\/logo\/image\/\"}}]}<\/script>\n<!-- \/ Yoast SEO plugin. -->","yoast_head_json":{"title":"USED Parts | USED-Deutsch","robots":{"index":"index","follow":"follow","max-snippet":"max-snippet:-1","max-image-preview":"max-image-preview:large","max-video-preview":"max-video-preview:-1"},"canonical":"https:\/\/planet-used.com\/de\/products\/used-parts\/","og_locale":"de_DE","og_type":"article","og_title":"USED Parts | USED-Deutsch","og_description":"Laut und Sch\u00f6n! Wir haben ganz viele interessante Fahrradteile f\u00fcr euch. S\u00e4ttelst\u00fctzen, Lichter, Glocken usw. Wir haben diese Teile ausgew\u00e4hlt, [&hellip;]","og_url":"https:\/\/planet-used.com\/de\/products\/used-parts\/","og_site_name":"USED-Deutsch","article_modified_time":"2015-08-17T16:45:09+00:00","twitter_card":"summary_large_image","schema":{"@context":"https:\/\/schema.org","@graph":[{"@type":"WebPage","@id":"https:\/\/planet-used.com\/de\/products\/used-parts\/","url":"https:\/\/planet-used.com\/de\/products\/used-parts\/","name":"USED Parts | USED-Deutsch","isPartOf":{"@id":"https:\/\/planet-used.com\/de\/#website"},"datePublished":"2015-06-19T09:09:14+00:00","dateModified":"2015-08-17T16:45:09+00:00","breadcrumb":{"@id":"https:\/\/planet-used.com\/de\/products\/used-parts\/#breadcrumb"},"inLanguage":"de","potentialAction":[{"@type":"ReadAction","target":["https:\/\/planet-used.com\/de\/products\/used-parts\/"]}]},{"@type":"BreadcrumbList","@id":"https:\/\/planet-used.com\/de\/products\/used-parts\/#breadcrumb","itemListElement":[{"@type":"ListItem","position":1,"name":"Home","item":"https:\/\/planet-used.com\/de\/"},{"@type":"ListItem","position":2,"name":"Marken","item":"https:\/\/planet-used.com\/de\/products\/"},{"@type":"ListItem","position":3,"name":"USED Parts"}]},{"@type":"WebSite","@id":"https:\/\/planet-used.com\/de\/#website","url":"https:\/\/planet-used.com\/de\/","name":"USED-Deutsch","description":"Moving the world!","publisher":{"@id":"https:\/\/planet-used.com\/de\/#organization"},"potentialAction":[{"@type":"SearchAction","target":{"@type":"EntryPoint","urlTemplate":"https:\/\/planet-used.com\/de\/?s={search_term_string}"},"query-input":{"@type":"PropertyValueSpecification","valueRequired":true,"valueName":"search_term_string"}}],"inLanguage":"de"},{"@type":"Organization","@id":"https:\/\/planet-used.com\/de\/#organization","name":"USED GmbH","url":"https:\/\/planet-used.com\/de\/","logo":{"@type":"ImageObject","inLanguage":"de","@id":"https:\/\/planet-used.com\/de\/#\/schema\/logo\/image\/","url":"https:\/\/planet-used.com\/de\/wp-content\/uploads\/sites\/6\/2015\/07\/used-1.jpg","contentUrl":"https:\/\/planet-used.com\/de\/wp-content\/uploads\/sites\/6\/2015\/07\/used-1.jpg","width":236,"height":155,"caption":"USED GmbH"},"image":{"@id":"https:\/\/planet-used.com\/de\/#\/schema\/logo\/image\/"}}]}},"_links":{"self":[{"href":"https:\/\/planet-used.com\/de\/wp-json\/wp\/v2\/pages\/1637","targetHints":{"allow":["GET"]}}],"collection":[{"href":"https:\/\/planet-used.com\/de\/wp-json\/wp\/v2\/pages"}],"about":[{"href":"https:\/\/planet-used.com\/de\/wp-json\/wp\/v2\/types\/page"}],"author":[{"embeddable":true,"href":"https:\/\/planet-used.com\/de\/wp-json\/wp\/v2\/users\/1"}],"replies":[{"embeddable":true,"href":"https:\/\/planet-used.com\/de\/wp-json\/wp\/v2\/comments?post=1637"}],"version-history":[{"count":5,"href":"https:\/\/planet-used.com\/de\/wp-json\/wp\/v2\/pages\/1637\/revisions"}],"predecessor-version":[{"id":1793,"href":"https:\/\/planet-used.com\/de\/wp-json\/wp\/v2\/pages\/1637\/revisions\/1793"}],"up":[{"embeddable":true,"href":"https:\/\/planet-used.com\/de\/wp-json\/wp\/v2\/pages\/9"}],"wp:attachment":[{"href":"https:\/\/planet-used.com\/de\/wp-json\/wp\/v2\/media?parent=1637"}],"curies":[{"name":"wp","href":"https:\/\/api.w.org\/{rel}","templated":true}]}}